{"id":2,"date":"2025-03-12T16:27:33","date_gmt":"2025-03-12T15:27:33","guid":{"rendered":"https:\/\/miwebes.pe\/alojamiento\/casa-arkan\/?page_id=2"},"modified":"2025-03-13T12:23:45","modified_gmt":"2025-03-13T11:23:45","slug":"servicios","status":"publish","type":"page","link":"https:\/\/miwebes.pe\/alojamiento\/casa-arkan\/servicios\/","title":{"rendered":"Servicios"},"content":{"rendered":"\n<h2 class=\"wp-block-heading\">CASA ARKAN<\/h2>\n\n\n\n<blockquote class=\"wp-block-quote is-layout-flow wp-block-quote-is-layout-flow\">\n<p>\u201cTu refugio exclusivo en la costa de Huanchaco.\u201d<\/p>\n<\/blockquote>\n\n\n\n<p><\/p>\n\n\n\n<ul class=\"wp-block-list\"><\/ul>\n\n\n\n<div class=\"wp-block-columns is-layout-flex wp-container-core-columns-is-layout-28f84493 wp-block-columns-is-layout-flex\">\n<div class=\"wp-block-column is-layout-flow wp-block-column-is-layout-flow\">\n<p>Ofrecemos:<\/p>\n\n\n\n<ul class=\"wp-block-list\">\n<li>Confort y exclusividad: Espacios dise\u00f1ados para la relajaci\u00f3n y el bienestar.<\/li>\n\n\n\n<li>Hospitalidad aut\u00e9ntica: Atenci\u00f3n c\u00e1lida y personalizada.<\/li>\n\n\n\n<li>Sostenibilidad: Compromiso con el medioambiente y la comunidad local.<\/li>\n\n\n\n<li>Innovaci\u00f3n y calidad: Mejoramos constantemente para ofrecer la mejor experiencia.<\/li>\n<\/ul>\n<\/div>\n\n\n\n<div class=\"wp-block-column is-layout-flow wp-block-column-is-layout-flow\">\n<ul class=\"wp-block-list\">\n<li>Alquiler de habitaciones y departamentos por d\u00edas, con dise\u00f1o moderno y todas las comodidades.<\/li>\n\n\n\n<li>Espacios amplios y c\u00f3modos, con \u00e1reas comunes y de f\u00e1cil acceso a zonas emblem\u00e1ticas de Huanchaco.<\/li>\n\n\n\n<li>WiFi de alta velocidad y espacios de coworking para n\u00f3madas digitales.<\/li>\n\n\n\n<li>Areas comunes con dise\u00f1o acogedor para socializar o relajarse.<\/li>\n<\/ul>\n<\/div>\n<\/div>\n\n\n\n<p>Opcionalmente:<\/p>\n\n\n\n<div class=\"wp-block-columns is-layout-flex wp-container-core-columns-is-layout-28f84493 wp-block-columns-is-layout-flex\">\n<div class=\"wp-block-column is-layout-flow wp-block-column-is-layout-flow\" style=\"flex-basis:50%\">\n<ul class=\"wp-block-list\">\n<li>Transporte desde\/hacia el aeropuerto.<\/li>\n\n\n\n<li>Desayuno saludable con productos locales.<\/li>\n\n\n\n<li>Tours y experiencias (clases de surf, gastronom\u00eda, paseos en caballitos de totora).<\/li>\n<\/ul>\n<\/div>\n\n\n\n<div class=\"wp-block-column is-layout-flow wp-block-column-is-layout-flow\" style=\"flex-basis:50%\">\n<figure class=\"wp-block-image size-large\"><img loading=\"lazy\" decoding=\"async\" width=\"769\" height=\"1024\" src=\"https:\/\/miwebes.pe\/alojamiento\/casa-arkan\/wp-content\/uploads\/2025\/03\/hospedaje-huanchaco-6-769x1024.jpg\" alt=\"\" class=\"wp-image-61\" style=\"aspect-ratio:4\/3;object-fit:cover\" srcset=\"https:\/\/miwebes.pe\/alojamiento\/casa-arkan\/wp-content\/uploads\/2025\/03\/hospedaje-huanchaco-6-769x1024.jpg 769w, https:\/\/miwebes.pe\/alojamiento\/casa-arkan\/wp-content\/uploads\/2025\/03\/hospedaje-huanchaco-6-225x300.jpg 225w, https:\/\/miwebes.pe\/alojamiento\/casa-arkan\/wp-content\/uploads\/2025\/03\/hospedaje-huanchaco-6-768x1023.jpg 768w, https:\/\/miwebes.pe\/alojamiento\/casa-arkan\/wp-content\/uploads\/2025\/03\/hospedaje-huanchaco-6.jpg 961w\" sizes=\"auto, (max-width: 769px) 100vw, 769px\" \/><\/figure>\n<\/div>\n<\/div>\n\n\n\n<h3 class=\"wp-block-heading\">Galer\u00eda fotogr\u00e1fica<\/h3>\n\n\n\n<figure class=\"wp-block-gallery has-nested-images columns-default is-cropped wp-block-gallery-1 is-layout-flex wp-block-gallery-is-layout-flex\">\n<figure class=\"wp-block-image size-large\"><img loading=\"lazy\" decoding=\"async\" width=\"769\" height=\"1024\" data-id=\"68\" src=\"https:\/\/miwebes.pe\/alojamiento\/casa-arkan\/wp-content\/uploads\/2025\/03\/hospedaje-huanchaco-13-769x1024.jpg\" alt=\"Casa Arkan - habitaciones cama doble\" class=\"wp-image-68\" srcset=\"https:\/\/miwebes.pe\/alojamiento\/casa-arkan\/wp-content\/uploads\/2025\/03\/hospedaje-huanchaco-13-769x1024.jpg 769w, https:\/\/miwebes.pe\/alojamiento\/casa-arkan\/wp-content\/uploads\/2025\/03\/hospedaje-huanchaco-13-225x300.jpg 225w, https:\/\/miwebes.pe\/alojamiento\/casa-arkan\/wp-content\/uploads\/2025\/03\/hospedaje-huanchaco-13-768x1023.jpg 768w, https:\/\/miwebes.pe\/alojamiento\/casa-arkan\/wp-content\/uploads\/2025\/03\/hospedaje-huanchaco-13.jpg 961w\" sizes=\"auto, (max-width: 769px) 100vw, 769px\" \/><figcaption class=\"wp-element-caption\">Casa Arkan - habitaciones cama doble<\/figcaption><\/figure>\n\n\n\n<figure class=\"wp-block-image size-large\"><img loading=\"lazy\" decoding=\"async\" width=\"769\" height=\"1024\" data-id=\"67\" src=\"https:\/\/miwebes.pe\/alojamiento\/casa-arkan\/wp-content\/uploads\/2025\/03\/hospedaje-huanchaco-12-769x1024.jpg\" alt=\"\" class=\"wp-image-67\" srcset=\"https:\/\/miwebes.pe\/alojamiento\/casa-arkan\/wp-content\/uploads\/2025\/03\/hospedaje-huanchaco-12-769x1024.jpg 769w, https:\/\/miwebes.pe\/alojamiento\/casa-arkan\/wp-content\/uploads\/2025\/03\/hospedaje-huanchaco-12-225x300.jpg 225w, https:\/\/miwebes.pe\/alojamiento\/casa-arkan\/wp-content\/uploads\/2025\/03\/hospedaje-huanchaco-12-768x1023.jpg 768w, https:\/\/miwebes.pe\/alojamiento\/casa-arkan\/wp-content\/uploads\/2025\/03\/hospedaje-huanchaco-12.jpg 961w\" sizes=\"auto, (max-width: 769px) 100vw, 769px\" \/><\/figure>\n\n\n\n<figure class=\"wp-block-image size-large\"><img loading=\"lazy\" decoding=\"async\" width=\"769\" height=\"1024\" data-id=\"66\" src=\"https:\/\/miwebes.pe\/alojamiento\/casa-arkan\/wp-content\/uploads\/2025\/03\/hospedaje-huanchaco-11-769x1024.jpg\" alt=\"\" class=\"wp-image-66\" srcset=\"https:\/\/miwebes.pe\/alojamiento\/casa-arkan\/wp-content\/uploads\/2025\/03\/hospedaje-huanchaco-11-769x1024.jpg 769w, https:\/\/miwebes.pe\/alojamiento\/casa-arkan\/wp-content\/uploads\/2025\/03\/hospedaje-huanchaco-11-225x300.jpg 225w, https:\/\/miwebes.pe\/alojamiento\/casa-arkan\/wp-content\/uploads\/2025\/03\/hospedaje-huanchaco-11-768x1023.jpg 768w, https:\/\/miwebes.pe\/alojamiento\/casa-arkan\/wp-content\/uploads\/2025\/03\/hospedaje-huanchaco-11.jpg 961w\" sizes=\"auto, (max-width: 769px) 100vw, 769px\" \/><\/figure>\n\n\n\n<figure class=\"wp-block-image size-large\"><img loading=\"lazy\" decoding=\"async\" width=\"769\" height=\"1024\" data-id=\"65\" src=\"https:\/\/miwebes.pe\/alojamiento\/casa-arkan\/wp-content\/uploads\/2025\/03\/hospedaje-huanchaco-10-769x1024.jpg\" alt=\"\" class=\"wp-image-65\" srcset=\"https:\/\/miwebes.pe\/alojamiento\/casa-arkan\/wp-content\/uploads\/2025\/03\/hospedaje-huanchaco-10-769x1024.jpg 769w, https:\/\/miwebes.pe\/alojamiento\/casa-arkan\/wp-content\/uploads\/2025\/03\/hospedaje-huanchaco-10-225x300.jpg 225w, https:\/\/miwebes.pe\/alojamiento\/casa-arkan\/wp-content\/uploads\/2025\/03\/hospedaje-huanchaco-10-768x1023.jpg 768w, https:\/\/miwebes.pe\/alojamiento\/casa-arkan\/wp-content\/uploads\/2025\/03\/hospedaje-huanchaco-10.jpg 961w\" sizes=\"auto, (max-width: 769px) 100vw, 769px\" \/><\/figure>\n\n\n\n<figure class=\"wp-block-image size-large\"><img loading=\"lazy\" decoding=\"async\" width=\"769\" height=\"1024\" data-id=\"63\" src=\"https:\/\/miwebes.pe\/alojamiento\/casa-arkan\/wp-content\/uploads\/2025\/03\/hospedaje-huanchaco-8-769x1024.jpg\" alt=\"\" class=\"wp-image-63\" srcset=\"https:\/\/miwebes.pe\/alojamiento\/casa-arkan\/wp-content\/uploads\/2025\/03\/hospedaje-huanchaco-8-769x1024.jpg 769w, https:\/\/miwebes.pe\/alojamiento\/casa-arkan\/wp-content\/uploads\/2025\/03\/hospedaje-huanchaco-8-225x300.jpg 225w, https:\/\/miwebes.pe\/alojamiento\/casa-arkan\/wp-content\/uploads\/2025\/03\/hospedaje-huanchaco-8-768x1023.jpg 768w, https:\/\/miwebes.pe\/alojamiento\/casa-arkan\/wp-content\/uploads\/2025\/03\/hospedaje-huanchaco-8.jpg 961w\" sizes=\"auto, (max-width: 769px) 100vw, 769px\" \/><\/figure>\n\n\n\n<figure class=\"wp-block-image size-large\"><img loading=\"lazy\" decoding=\"async\" width=\"769\" height=\"1024\" data-id=\"61\" src=\"https:\/\/miwebes.pe\/alojamiento\/casa-arkan\/wp-content\/uploads\/2025\/03\/hospedaje-huanchaco-6-769x1024.jpg\" alt=\"\" class=\"wp-image-61\" srcset=\"https:\/\/miwebes.pe\/alojamiento\/casa-arkan\/wp-content\/uploads\/2025\/03\/hospedaje-huanchaco-6-769x1024.jpg 769w, https:\/\/miwebes.pe\/alojamiento\/casa-arkan\/wp-content\/uploads\/2025\/03\/hospedaje-huanchaco-6-225x300.jpg 225w, https:\/\/miwebes.pe\/alojamiento\/casa-arkan\/wp-content\/uploads\/2025\/03\/hospedaje-huanchaco-6-768x1023.jpg 768w, https:\/\/miwebes.pe\/alojamiento\/casa-arkan\/wp-content\/uploads\/2025\/03\/hospedaje-huanchaco-6.jpg 961w\" sizes=\"auto, (max-width: 769px) 100vw, 769px\" \/><\/figure>\n\n\n\n<figure class=\"wp-block-image size-large\"><img loading=\"lazy\" decoding=\"async\" width=\"769\" height=\"1024\" data-id=\"60\" src=\"https:\/\/miwebes.pe\/alojamiento\/casa-arkan\/wp-content\/uploads\/2025\/03\/hospedaje-huanchaco-5-769x1024.jpg\" alt=\"\" class=\"wp-image-60\" srcset=\"https:\/\/miwebes.pe\/alojamiento\/casa-arkan\/wp-content\/uploads\/2025\/03\/hospedaje-huanchaco-5-769x1024.jpg 769w, https:\/\/miwebes.pe\/alojamiento\/casa-arkan\/wp-content\/uploads\/2025\/03\/hospedaje-huanchaco-5-225x300.jpg 225w, https:\/\/miwebes.pe\/alojamiento\/casa-arkan\/wp-content\/uploads\/2025\/03\/hospedaje-huanchaco-5-768x1023.jpg 768w, https:\/\/miwebes.pe\/alojamiento\/casa-arkan\/wp-content\/uploads\/2025\/03\/hospedaje-huanchaco-5.jpg 961w\" sizes=\"auto, (max-width: 769px) 100vw, 769px\" \/><\/figure>\n\n\n\n<figure class=\"wp-block-image size-large\"><img loading=\"lazy\" decoding=\"async\" width=\"769\" height=\"1024\" data-id=\"59\" src=\"https:\/\/miwebes.pe\/alojamiento\/casa-arkan\/wp-content\/uploads\/2025\/03\/hospedaje-huanchaco-4-769x1024.jpg\" alt=\"\" class=\"wp-image-59\" srcset=\"https:\/\/miwebes.pe\/alojamiento\/casa-arkan\/wp-content\/uploads\/2025\/03\/hospedaje-huanchaco-4-769x1024.jpg 769w, https:\/\/miwebes.pe\/alojamiento\/casa-arkan\/wp-content\/uploads\/2025\/03\/hospedaje-huanchaco-4-225x300.jpg 225w, https:\/\/miwebes.pe\/alojamiento\/casa-arkan\/wp-content\/uploads\/2025\/03\/hospedaje-huanchaco-4-768x1023.jpg 768w, https:\/\/miwebes.pe\/alojamiento\/casa-arkan\/wp-content\/uploads\/2025\/03\/hospedaje-huanchaco-4.jpg 961w\" sizes=\"auto, (max-width: 769px) 100vw, 769px\" \/><\/figure>\n\n\n\n<figure class=\"wp-block-image size-large\"><img loading=\"lazy\" decoding=\"async\" width=\"769\" height=\"1024\" data-id=\"54\" src=\"https:\/\/miwebes.pe\/alojamiento\/casa-arkan\/wp-content\/uploads\/2025\/03\/hospedaje-huanchaco-15-769x1024.jpg\" alt=\"\" class=\"wp-image-54\" srcset=\"https:\/\/miwebes.pe\/alojamiento\/casa-arkan\/wp-content\/uploads\/2025\/03\/hospedaje-huanchaco-15-769x1024.jpg 769w, https:\/\/miwebes.pe\/alojamiento\/casa-arkan\/wp-content\/uploads\/2025\/03\/hospedaje-huanchaco-15-225x300.jpg 225w, https:\/\/miwebes.pe\/alojamiento\/casa-arkan\/wp-content\/uploads\/2025\/03\/hospedaje-huanchaco-15-768x1023.jpg 768w, https:\/\/miwebes.pe\/alojamiento\/casa-arkan\/wp-content\/uploads\/2025\/03\/hospedaje-huanchaco-15.jpg 961w\" sizes=\"auto, (max-width: 769px) 100vw, 769px\" \/><\/figure>\n\n\n\n<figure class=\"wp-block-image size-large\"><img loading=\"lazy\" decoding=\"async\" width=\"576\" height=\"1024\" data-id=\"55\" src=\"https:\/\/miwebes.pe\/alojamiento\/casa-arkan\/wp-content\/uploads\/2025\/03\/hospedaje-huanchaco-16-576x1024.jpg\" alt=\"\" class=\"wp-image-55\" srcset=\"https:\/\/miwebes.pe\/alojamiento\/casa-arkan\/wp-content\/uploads\/2025\/03\/hospedaje-huanchaco-16-576x1024.jpg 576w, https:\/\/miwebes.pe\/alojamiento\/casa-arkan\/wp-content\/uploads\/2025\/03\/hospedaje-huanchaco-16-169x300.jpg 169w, https:\/\/miwebes.pe\/alojamiento\/casa-arkan\/wp-content\/uploads\/2025\/03\/hospedaje-huanchaco-16.jpg 720w\" sizes=\"auto, (max-width: 576px) 100vw, 576px\" \/><\/figure>\n\n\n\n<figure class=\"wp-block-image size-large\"><img loading=\"lazy\" decoding=\"async\" width=\"1024\" height=\"576\" data-id=\"56\" src=\"https:\/\/miwebes.pe\/alojamiento\/casa-arkan\/wp-content\/uploads\/2025\/03\/hospedaje-huanchaco-1-1024x576.jpg\" alt=\"\" class=\"wp-image-56\" srcset=\"https:\/\/miwebes.pe\/alojamiento\/casa-arkan\/wp-content\/uploads\/2025\/03\/hospedaje-huanchaco-1-1024x576.jpg 1024w, https:\/\/miwebes.pe\/alojamiento\/casa-arkan\/wp-content\/uploads\/2025\/03\/hospedaje-huanchaco-1-300x169.jpg 300w, https:\/\/miwebes.pe\/alojamiento\/casa-arkan\/wp-content\/uploads\/2025\/03\/hospedaje-huanchaco-1-768x432.jpg 768w, https:\/\/miwebes.pe\/alojamiento\/casa-arkan\/wp-content\/uploads\/2025\/03\/hospedaje-huanchaco-1-320x180.jpg 320w, https:\/\/miwebes.pe\/alojamiento\/casa-arkan\/wp-content\/uploads\/2025\/03\/hospedaje-huanchaco-1.jpg 1280w\" sizes=\"auto, (max-width: 1024px) 100vw, 1024px\" \/><\/figure>\n\n\n\n<figure class=\"wp-block-image size-large\"><img loading=\"lazy\" decoding=\"async\" width=\"769\" height=\"1024\" data-id=\"58\" src=\"https:\/\/miwebes.pe\/alojamiento\/casa-arkan\/wp-content\/uploads\/2025\/03\/hospedaje-huanchaco-3-769x1024.jpg\" alt=\"\" class=\"wp-image-58\" srcset=\"https:\/\/miwebes.pe\/alojamiento\/casa-arkan\/wp-content\/uploads\/2025\/03\/hospedaje-huanchaco-3-769x1024.jpg 769w, https:\/\/miwebes.pe\/alojamiento\/casa-arkan\/wp-content\/uploads\/2025\/03\/hospedaje-huanchaco-3-225x300.jpg 225w, https:\/\/miwebes.pe\/alojamiento\/casa-arkan\/wp-content\/uploads\/2025\/03\/hospedaje-huanchaco-3-768x1023.jpg 768w, https:\/\/miwebes.pe\/alojamiento\/casa-arkan\/wp-content\/uploads\/2025\/03\/hospedaje-huanchaco-3.jpg 961w\" sizes=\"auto, (max-width: 769px) 100vw, 769px\" \/><\/figure>\n\n\n\n<figure class=\"wp-block-image size-large\"><img loading=\"lazy\" decoding=\"async\" width=\"769\" height=\"1024\" data-id=\"53\" src=\"https:\/\/miwebes.pe\/alojamiento\/casa-arkan\/wp-content\/uploads\/2025\/03\/hospedaje-huanchaco-14-769x1024.jpg\" alt=\"\" class=\"wp-image-53\" srcset=\"https:\/\/miwebes.pe\/alojamiento\/casa-arkan\/wp-content\/uploads\/2025\/03\/hospedaje-huanchaco-14-769x1024.jpg 769w, https:\/\/miwebes.pe\/alojamiento\/casa-arkan\/wp-content\/uploads\/2025\/03\/hospedaje-huanchaco-14-225x300.jpg 225w, https:\/\/miwebes.pe\/alojamiento\/casa-arkan\/wp-content\/uploads\/2025\/03\/hospedaje-huanchaco-14-768x1023.jpg 768w, https:\/\/miwebes.pe\/alojamiento\/casa-arkan\/wp-content\/uploads\/2025\/03\/hospedaje-huanchaco-14.jpg 961w\" sizes=\"auto, (max-width: 769px) 100vw, 769px\" \/><\/figure>\n<\/figure>\n","protected":false},"excerpt":{"rendered":"<p>CASA ARKAN \u201cTu refugio exclusivo en la costa de Huanchaco.\u201d Ofrecemos: Opcionalmente: Galer\u00eda fotogr\u00e1fica<\/p>\n","protected":false},"author":1,"featured_media":0,"parent":0,"menu_order":0,"comment_status":"closed","ping_status":"closed","template":"","meta":{"footnotes":""},"class_list":["post-2","page","type-page","status-publish","hentry"],"_links":{"self":[{"href":"https:\/\/miwebes.pe\/alojamiento\/casa-arkan\/wp-json\/wp\/v2\/pages\/2","targetHints":{"allow":["GET"]}}],"collection":[{"href":"https:\/\/miwebes.pe\/alojamiento\/casa-arkan\/wp-json\/wp\/v2\/pages"}],"about":[{"href":"https:\/\/miwebes.pe\/alojamiento\/casa-arkan\/wp-json\/wp\/v2\/types\/page"}],"author":[{"embeddable":true,"href":"https:\/\/miwebes.pe\/alojamiento\/casa-arkan\/wp-json\/wp\/v2\/users\/1"}],"replies":[{"embeddable":true,"href":"https:\/\/miwebes.pe\/alojamiento\/casa-arkan\/wp-json\/wp\/v2\/comments?post=2"}],"version-history":[{"count":5,"href":"https:\/\/miwebes.pe\/alojamiento\/casa-arkan\/wp-json\/wp\/v2\/pages\/2\/revisions"}],"predecessor-version":[{"id":93,"href":"https:\/\/miwebes.pe\/alojamiento\/casa-arkan\/wp-json\/wp\/v2\/pages\/2\/revisions\/93"}],"wp:attachment":[{"href":"https:\/\/miwebes.pe\/alojamiento\/casa-arkan\/wp-json\/wp\/v2\/media?parent=2"}],"curies":[{"name":"wp","href":"https:\/\/api.w.org\/{rel}","templated":true}]}}