{"id":5,"date":"2025-03-12T16:32:33","date_gmt":"2025-03-12T15:32:33","guid":{"rendered":"https:\/\/miwebes.pe\/alojamiento\/casa-arkan\/?page_id=5"},"modified":"2026-02-26T11:55:43","modified_gmt":"2026-02-26T10:55:43","slug":"home","status":"publish","type":"page","link":"https:\/\/miwebes.pe\/alojamiento\/casa-arkan\/","title":{"rendered":"HOME"},"content":{"rendered":"\n<p class=\"has-text-align-center has-vivid-green-cyan-color has-text-color has-link-color has-huge-font-size wp-elements-7f9f146cd813ffa4db4046b454e9a104\"><strong>Precios desde S\/. 49 por noche<\/strong><\/p>\n\n\n\n<div class=\"wp-block-columns is-layout-flex wp-container-core-columns-is-layout-79832dff wp-block-columns-is-layout-flex\" style=\"margin-bottom:var(--wp--preset--spacing--60)\">\n<div class=\"wp-block-column is-layout-flow wp-block-column-is-layout-flow\">\n<figure class=\"wp-block-image size-full\"><img loading=\"lazy\" decoding=\"async\" width=\"204\" height=\"115\" src=\"https:\/\/miwebes.pe\/alojamiento\/casa-arkan\/wp-content\/uploads\/2025\/03\/casa-arkan-huanchaco-pq-1.jpg\" alt=\"\" class=\"wp-image-36\"\/><\/figure>\n\n\n\n<h5 class=\"wp-block-heading\" id=\"vk-blocks\" style=\"margin-top:1.5rem;margin-bottom:1rem\">Comodidad<\/h5>\n\n\n\n<p>Espacios amplios y c\u00f3modos, con \u00e1reas comunes y de f\u00e1cil acceso a zonas emblem\u00e1ticas de Huanchaco, c\u00f3mo en casa. Mejoramos ofertas.<\/p>\n\n\n\n<div class=\"wp-block-buttons is-layout-flex wp-block-buttons-is-layout-flex\">\n<div class=\"wp-block-button is-style-outline is-style-outline--1\"><a class=\"wp-block-button__link has-small-font-size has-custom-font-size wp-element-button\" href=\"\" style=\"border-radius:0px;padding-top:0.5em;padding-right:1em;padding-bottom:0.5em;padding-left:1em\">Leer m\u00e1s<\/a><\/div>\n<\/div>\n<\/div>\n\n\n\n<div class=\"wp-block-column is-layout-flow wp-block-column-is-layout-flow\">\n<figure class=\"wp-block-image size-full\"><img loading=\"lazy\" decoding=\"async\" width=\"204\" height=\"115\" src=\"https:\/\/miwebes.pe\/alojamiento\/casa-arkan\/wp-content\/uploads\/2025\/03\/casa-arkan-huanchaco-pq-2.jpg\" alt=\"\" class=\"wp-image-37\"\/><\/figure>\n\n\n\n<h5 class=\"wp-block-heading\" id=\"vk-blocks\" style=\"margin-top:1.5rem;margin-bottom:1rem\">Limpieza<\/h5>\n\n\n\n<p>Lo m\u00e1s importante en el dia a dia y sin descuidar nuestro compromiso con el medio ambiente y la comunidad local. \u00a1<strong>Reciclemos<\/strong>!.<\/p>\n<\/div>\n\n\n\n<div class=\"wp-block-column is-layout-flow wp-block-column-is-layout-flow\">\n<figure class=\"wp-block-image size-full\"><img loading=\"lazy\" decoding=\"async\" width=\"204\" height=\"115\" src=\"https:\/\/miwebes.pe\/alojamiento\/casa-arkan\/wp-content\/uploads\/2025\/03\/casa-arkan-huanchaco-pq-3.jpg\" alt=\"\" class=\"wp-image-38\"\/><\/figure>\n\n\n\n<h5 class=\"wp-block-heading\" id=\"vk-blocks\" style=\"margin-top:1.5rem;margin-bottom:1rem\">Confort<\/h5>\n\n\n\n<p>\u00c1reas comunes con dise\u00f1o acogedor para socializar o relajarse. WiFi de alta velocidad y espacios de coworking para n\u00f3madas digitales.<\/p>\n<\/div>\n\n\n\n<div class=\"wp-block-column is-layout-flow wp-block-column-is-layout-flow\">\n<figure class=\"wp-block-image size-full\"><img loading=\"lazy\" decoding=\"async\" width=\"204\" height=\"115\" src=\"https:\/\/miwebes.pe\/alojamiento\/casa-arkan\/wp-content\/uploads\/2025\/03\/casa-arkan-huanchaco-pq-4.jpg\" alt=\"\" class=\"wp-image-39\"\/><\/figure>\n\n\n\n<h5 class=\"wp-block-heading\" id=\"vk-blocks\" style=\"margin-top:1.5rem;margin-bottom:1rem\">Buen ambiente<\/h5>\n\n\n\n<p>Alquiler de habitaciones y departamentos por d\u00edas, con dise\u00f1o moderno y todas las comodidades. No dudes en consultar precios.<\/p>\n<\/div>\n<\/div>\n\n\n\n<h2 class=\"wp-block-heading has-text-align-center\">\"Tu refugio exclusivo en la costa de Huanchaco.\u201d<\/h2>\n\n\n\n<div class=\"wp-block-cover alignfull is-light\" style=\"padding-top:var(--wp--preset--spacing--60);padding-bottom:var(--wp--preset--spacing--60);min-height:250px;aspect-ratio:unset;\"><span aria-hidden=\"true\" class=\"wp-block-cover__background has-background-dim-100 has-background-dim\" style=\"background-color:#f3f3f3\"><\/span><div class=\"wp-block-cover__inner-container is-layout-flow wp-block-cover-is-layout-flow\">\n<div class=\"wp-block-columns are-vertically-aligned-center is-layout-flex wp-container-core-columns-is-layout-cbe57604 wp-block-columns-is-layout-flex\">\n<div class=\"wp-block-column is-vertically-aligned-center is-layout-flow wp-block-column-is-layout-flow\" style=\"flex-basis:33.33%\">\n<figure class=\"wp-block-image aligncenter size-large\"><img loading=\"lazy\" decoding=\"async\" width=\"1024\" height=\"1024\" src=\"https:\/\/miwebes.pe\/alojamiento\/casa-arkan\/wp-content\/uploads\/2025\/03\/casa-arkan-huanchaco-1024x1024.jpg\" alt=\"\" class=\"wp-image-33\" srcset=\"https:\/\/miwebes.pe\/alojamiento\/casa-arkan\/wp-content\/uploads\/2025\/03\/casa-arkan-huanchaco-1024x1024.jpg 1024w, https:\/\/miwebes.pe\/alojamiento\/casa-arkan\/wp-content\/uploads\/2025\/03\/casa-arkan-huanchaco-300x300.jpg 300w, https:\/\/miwebes.pe\/alojamiento\/casa-arkan\/wp-content\/uploads\/2025\/03\/casa-arkan-huanchaco-150x150.jpg 150w, https:\/\/miwebes.pe\/alojamiento\/casa-arkan\/wp-content\/uploads\/2025\/03\/casa-arkan-huanchaco-768x767.jpg 768w, https:\/\/miwebes.pe\/alojamiento\/casa-arkan\/wp-content\/uploads\/2025\/03\/casa-arkan-huanchaco.jpg 1082w\" sizes=\"auto, (max-width: 1024px) 100vw, 1024px\" \/><\/figure>\n<\/div>\n\n\n\n<div class=\"wp-block-column is-vertically-aligned-center is-layout-flow wp-block-column-is-layout-flow\" style=\"flex-basis:66.66%\">\n<h4 class=\"wp-block-heading has-black-color has-text-color\">CASA ARKAN<\/h4>\n\n\n\n<p class=\"has-black-color has-text-color\">Brindamos a nuestros hu\u00e9spedes un espacio acogedor, elegante y bien ubicado, donde puedan disfrutar de una estad\u00eda placentera, con servicios de alta calidad y atenci\u00f3n personalizada. Queremos ser el hospedaje preferido por los viajeros que buscan comodidad, exclusividad y una experiencia aut\u00e9ntica en la costa de Huanchaco, combinando modernidad con el encanto local.<\/p>\n\n\n\n<p>Estamos en Urb Las Lomas, Huanchaco, Trujillo:<\/p>\n\n\n\n<p><strong>Av La Paz mzna 39 lote 2<\/strong><\/p>\n\n\n\n<p><a href=\"https:\/\/es-l.airbnb.com\/rooms\/1382614257654022171?viralityEntryPoint=1&amp;s=76&amp;source_impression_id=p3_1771526031_P3LHIN7OhhuH8CU3\" data-type=\"link\" data-id=\"https:\/\/es-l.airbnb.com\/rooms\/1382614257654022171?viralityEntryPoint=1&amp;s=76&amp;source_impression_id=p3_1771526031_P3LHIN7OhhuH8CU3\"><strong>Tambi\u00e9n estamos en AirBnb<\/strong><\/a><\/p>\n\n\n\n<p class=\"has-large-font-size\"><a href=\"https:\/\/www.google.com\/maps\/place\/Casa+Arkan\/@-8.0902265,-79.1181792,17z\/data=!3m1!4b1!4m12!1m5!3m4!2zOMKwMDUnMDkuNCJTIDc5wrAwNic1Mi4zIlc!8m2!3d-8.0859444!4d-79.1145278!3m5!1s0x91ad3bbb8a4b60f5:0x6de4a5eb5c7d10e3!8m2!3d-8.0902318!4d-79.1155989!16s%2Fg%2F11x0ptrfk6?entry=ttu&amp;g_ep=EgoyMDI1MDMxMC4wIKXMDSoASAFQAw%3D%3D\" data-type=\"page\" data-id=\"5\" target=\"_blank\" rel=\"noreferrer noopener nofollow\"><strong>ver en Gogle Maps<\/strong><\/a><\/p>\n<\/div>\n<\/div>\n<\/div><\/div>\n\n\n\n<h2 class=\"wp-block-heading\">AMBIENTES<\/h2>\n\n\n\n<ul class=\"wp-block-list\">\n<li>1 Habitaci\u00f3n matrimonial de 16 m2 con1 cama king, c\u00f3moda con espejo y amplia ventana.<\/li>\n\n\n\n<li>1 Habitaci\u00f3n doble de 20 m2 con 2 camas de 1 plaza y 1\/2, mesita, sila, espejo, ropero port\u00e1til, ba\u00f1o completo, terma, amplia ventana.<\/li>\n\n\n\n<li>1 Habitaci\u00f3n simple de 14 m2 con 1 cama de 1 plaza y 1\/2, ropero, silla, mesa con espejo, cuenta con ventana.<\/li>\n\n\n\n<li>1 Sala comedor amplia de 30 m2, ventanas grandes, TV de 52\", l\u00e1mpara de sala, juego de muebles para 5 personas, juego de comedor para 6 personas.<\/li>\n\n\n\n<li>1 Cocina de 12 m2 con encimera, repostero, refrigerador siempre abastecido, microondas, hervidor, licuadora.<\/li>\n\n\n\n<li>1 Zona de lavander\u00eda de 7 m2 con lavadora y tendederos.<\/li>\n\n\n\n<li>1 Cochera de 17 m2<\/li>\n<\/ul>\n\n\n\n<h2 class=\"wp-block-heading\">GALERIA<\/h2>\n\n\n\n<figure class=\"wp-block-gallery has-nested-images columns-4 is-cropped wp-block-gallery-2 is-layout-flex wp-block-gallery-is-layout-flex\">\n<figure class=\"wp-block-image size-medium\"><img loading=\"lazy\" decoding=\"async\" width=\"225\" height=\"300\" data-id=\"68\" src=\"https:\/\/miwebes.pe\/alojamiento\/casa-arkan\/wp-content\/uploads\/2025\/03\/hospedaje-huanchaco-13-225x300.jpg\" alt=\"Casa Arkan - habitaciones cama doble\" class=\"wp-image-68\" srcset=\"https:\/\/miwebes.pe\/alojamiento\/casa-arkan\/wp-content\/uploads\/2025\/03\/hospedaje-huanchaco-13-225x300.jpg 225w, https:\/\/miwebes.pe\/alojamiento\/casa-arkan\/wp-content\/uploads\/2025\/03\/hospedaje-huanchaco-13-769x1024.jpg 769w, https:\/\/miwebes.pe\/alojamiento\/casa-arkan\/wp-content\/uploads\/2025\/03\/hospedaje-huanchaco-13-768x1023.jpg 768w, https:\/\/miwebes.pe\/alojamiento\/casa-arkan\/wp-content\/uploads\/2025\/03\/hospedaje-huanchaco-13.jpg 961w\" sizes=\"auto, (max-width: 225px) 100vw, 225px\" \/><figcaption class=\"wp-element-caption\">Casa Arkan - habitaciones cama doble<\/figcaption><\/figure>\n\n\n\n<figure class=\"wp-block-image size-medium\"><img loading=\"lazy\" decoding=\"async\" width=\"225\" height=\"300\" data-id=\"67\" src=\"https:\/\/miwebes.pe\/alojamiento\/casa-arkan\/wp-content\/uploads\/2025\/03\/hospedaje-huanchaco-12-225x300.jpg\" alt=\"\" class=\"wp-image-67\" srcset=\"https:\/\/miwebes.pe\/alojamiento\/casa-arkan\/wp-content\/uploads\/2025\/03\/hospedaje-huanchaco-12-225x300.jpg 225w, https:\/\/miwebes.pe\/alojamiento\/casa-arkan\/wp-content\/uploads\/2025\/03\/hospedaje-huanchaco-12-769x1024.jpg 769w, https:\/\/miwebes.pe\/alojamiento\/casa-arkan\/wp-content\/uploads\/2025\/03\/hospedaje-huanchaco-12-768x1023.jpg 768w, https:\/\/miwebes.pe\/alojamiento\/casa-arkan\/wp-content\/uploads\/2025\/03\/hospedaje-huanchaco-12.jpg 961w\" sizes=\"auto, (max-width: 225px) 100vw, 225px\" \/><\/figure>\n\n\n\n<figure class=\"wp-block-image size-medium\"><img loading=\"lazy\" decoding=\"async\" width=\"225\" height=\"300\" data-id=\"66\" src=\"https:\/\/miwebes.pe\/alojamiento\/casa-arkan\/wp-content\/uploads\/2025\/03\/hospedaje-huanchaco-11-225x300.jpg\" alt=\"\" class=\"wp-image-66\" srcset=\"https:\/\/miwebes.pe\/alojamiento\/casa-arkan\/wp-content\/uploads\/2025\/03\/hospedaje-huanchaco-11-225x300.jpg 225w, https:\/\/miwebes.pe\/alojamiento\/casa-arkan\/wp-content\/uploads\/2025\/03\/hospedaje-huanchaco-11-769x1024.jpg 769w, https:\/\/miwebes.pe\/alojamiento\/casa-arkan\/wp-content\/uploads\/2025\/03\/hospedaje-huanchaco-11-768x1023.jpg 768w, https:\/\/miwebes.pe\/alojamiento\/casa-arkan\/wp-content\/uploads\/2025\/03\/hospedaje-huanchaco-11.jpg 961w\" sizes=\"auto, (max-width: 225px) 100vw, 225px\" \/><\/figure>\n\n\n\n<figure class=\"wp-block-image size-medium\"><img loading=\"lazy\" decoding=\"async\" width=\"225\" height=\"300\" data-id=\"65\" src=\"https:\/\/miwebes.pe\/alojamiento\/casa-arkan\/wp-content\/uploads\/2025\/03\/hospedaje-huanchaco-10-225x300.jpg\" alt=\"\" class=\"wp-image-65\" srcset=\"https:\/\/miwebes.pe\/alojamiento\/casa-arkan\/wp-content\/uploads\/2025\/03\/hospedaje-huanchaco-10-225x300.jpg 225w, https:\/\/miwebes.pe\/alojamiento\/casa-arkan\/wp-content\/uploads\/2025\/03\/hospedaje-huanchaco-10-769x1024.jpg 769w, https:\/\/miwebes.pe\/alojamiento\/casa-arkan\/wp-content\/uploads\/2025\/03\/hospedaje-huanchaco-10-768x1023.jpg 768w, https:\/\/miwebes.pe\/alojamiento\/casa-arkan\/wp-content\/uploads\/2025\/03\/hospedaje-huanchaco-10.jpg 961w\" sizes=\"auto, (max-width: 225px) 100vw, 225px\" \/><\/figure>\n\n\n\n<figure class=\"wp-block-image size-medium\"><img loading=\"lazy\" decoding=\"async\" width=\"225\" height=\"300\" data-id=\"64\" src=\"https:\/\/miwebes.pe\/alojamiento\/casa-arkan\/wp-content\/uploads\/2025\/03\/hospedaje-huanchaco-9-225x300.jpg\" alt=\"\" class=\"wp-image-64\" srcset=\"https:\/\/miwebes.pe\/alojamiento\/casa-arkan\/wp-content\/uploads\/2025\/03\/hospedaje-huanchaco-9-225x300.jpg 225w, https:\/\/miwebes.pe\/alojamiento\/casa-arkan\/wp-content\/uploads\/2025\/03\/hospedaje-huanchaco-9-769x1024.jpg 769w, https:\/\/miwebes.pe\/alojamiento\/casa-arkan\/wp-content\/uploads\/2025\/03\/hospedaje-huanchaco-9-768x1023.jpg 768w, https:\/\/miwebes.pe\/alojamiento\/casa-arkan\/wp-content\/uploads\/2025\/03\/hospedaje-huanchaco-9.jpg 961w\" sizes=\"auto, (max-width: 225px) 100vw, 225px\" \/><\/figure>\n\n\n\n<figure class=\"wp-block-image size-medium\"><img loading=\"lazy\" decoding=\"async\" width=\"225\" height=\"300\" data-id=\"63\" src=\"https:\/\/miwebes.pe\/alojamiento\/casa-arkan\/wp-content\/uploads\/2025\/03\/hospedaje-huanchaco-8-225x300.jpg\" alt=\"\" class=\"wp-image-63\" srcset=\"https:\/\/miwebes.pe\/alojamiento\/casa-arkan\/wp-content\/uploads\/2025\/03\/hospedaje-huanchaco-8-225x300.jpg 225w, https:\/\/miwebes.pe\/alojamiento\/casa-arkan\/wp-content\/uploads\/2025\/03\/hospedaje-huanchaco-8-769x1024.jpg 769w, https:\/\/miwebes.pe\/alojamiento\/casa-arkan\/wp-content\/uploads\/2025\/03\/hospedaje-huanchaco-8-768x1023.jpg 768w, https:\/\/miwebes.pe\/alojamiento\/casa-arkan\/wp-content\/uploads\/2025\/03\/hospedaje-huanchaco-8.jpg 961w\" sizes=\"auto, (max-width: 225px) 100vw, 225px\" \/><\/figure>\n\n\n\n<figure class=\"wp-block-image size-medium\"><img loading=\"lazy\" decoding=\"async\" width=\"225\" height=\"300\" data-id=\"61\" src=\"https:\/\/miwebes.pe\/alojamiento\/casa-arkan\/wp-content\/uploads\/2025\/03\/hospedaje-huanchaco-6-225x300.jpg\" alt=\"\" class=\"wp-image-61\" srcset=\"https:\/\/miwebes.pe\/alojamiento\/casa-arkan\/wp-content\/uploads\/2025\/03\/hospedaje-huanchaco-6-225x300.jpg 225w, https:\/\/miwebes.pe\/alojamiento\/casa-arkan\/wp-content\/uploads\/2025\/03\/hospedaje-huanchaco-6-769x1024.jpg 769w, https:\/\/miwebes.pe\/alojamiento\/casa-arkan\/wp-content\/uploads\/2025\/03\/hospedaje-huanchaco-6-768x1023.jpg 768w, https:\/\/miwebes.pe\/alojamiento\/casa-arkan\/wp-content\/uploads\/2025\/03\/hospedaje-huanchaco-6.jpg 961w\" sizes=\"auto, (max-width: 225px) 100vw, 225px\" \/><\/figure>\n\n\n\n<figure class=\"wp-block-image size-medium\"><img loading=\"lazy\" decoding=\"async\" width=\"225\" height=\"300\" data-id=\"59\" src=\"https:\/\/miwebes.pe\/alojamiento\/casa-arkan\/wp-content\/uploads\/2025\/03\/hospedaje-huanchaco-4-225x300.jpg\" alt=\"\" class=\"wp-image-59\" srcset=\"https:\/\/miwebes.pe\/alojamiento\/casa-arkan\/wp-content\/uploads\/2025\/03\/hospedaje-huanchaco-4-225x300.jpg 225w, https:\/\/miwebes.pe\/alojamiento\/casa-arkan\/wp-content\/uploads\/2025\/03\/hospedaje-huanchaco-4-769x1024.jpg 769w, https:\/\/miwebes.pe\/alojamiento\/casa-arkan\/wp-content\/uploads\/2025\/03\/hospedaje-huanchaco-4-768x1023.jpg 768w, https:\/\/miwebes.pe\/alojamiento\/casa-arkan\/wp-content\/uploads\/2025\/03\/hospedaje-huanchaco-4.jpg 961w\" sizes=\"auto, (max-width: 225px) 100vw, 225px\" \/><\/figure>\n\n\n\n<figure class=\"wp-block-image size-medium\"><img loading=\"lazy\" decoding=\"async\" width=\"225\" height=\"300\" data-id=\"58\" src=\"https:\/\/miwebes.pe\/alojamiento\/casa-arkan\/wp-content\/uploads\/2025\/03\/hospedaje-huanchaco-3-225x300.jpg\" alt=\"\" class=\"wp-image-58\" srcset=\"https:\/\/miwebes.pe\/alojamiento\/casa-arkan\/wp-content\/uploads\/2025\/03\/hospedaje-huanchaco-3-225x300.jpg 225w, https:\/\/miwebes.pe\/alojamiento\/casa-arkan\/wp-content\/uploads\/2025\/03\/hospedaje-huanchaco-3-769x1024.jpg 769w, https:\/\/miwebes.pe\/alojamiento\/casa-arkan\/wp-content\/uploads\/2025\/03\/hospedaje-huanchaco-3-768x1023.jpg 768w, https:\/\/miwebes.pe\/alojamiento\/casa-arkan\/wp-content\/uploads\/2025\/03\/hospedaje-huanchaco-3.jpg 961w\" sizes=\"auto, (max-width: 225px) 100vw, 225px\" \/><\/figure>\n\n\n\n<figure class=\"wp-block-image size-large\"><img loading=\"lazy\" decoding=\"async\" width=\"204\" height=\"115\" data-id=\"38\" src=\"https:\/\/miwebes.pe\/alojamiento\/casa-arkan\/wp-content\/uploads\/2025\/03\/casa-arkan-huanchaco-pq-3.jpg\" alt=\"\" class=\"wp-image-38\"\/><\/figure>\n\n\n\n<figure class=\"wp-block-image size-medium\"><img loading=\"lazy\" decoding=\"async\" width=\"169\" height=\"300\" data-id=\"52\" src=\"https:\/\/miwebes.pe\/alojamiento\/casa-arkan\/wp-content\/uploads\/2025\/03\/fachada-169x300.jpg\" alt=\"\" class=\"wp-image-52\" srcset=\"https:\/\/miwebes.pe\/alojamiento\/casa-arkan\/wp-content\/uploads\/2025\/03\/fachada-169x300.jpg 169w, https:\/\/miwebes.pe\/alojamiento\/casa-arkan\/wp-content\/uploads\/2025\/03\/fachada-576x1024.jpg 576w, https:\/\/miwebes.pe\/alojamiento\/casa-arkan\/wp-content\/uploads\/2025\/03\/fachada.jpg 720w\" sizes=\"auto, (max-width: 169px) 100vw, 169px\" \/><\/figure>\n\n\n\n<figure class=\"wp-block-image size-medium\"><img loading=\"lazy\" decoding=\"async\" width=\"300\" height=\"169\" data-id=\"56\" src=\"https:\/\/miwebes.pe\/alojamiento\/casa-arkan\/wp-content\/uploads\/2025\/03\/hospedaje-huanchaco-1-300x169.jpg\" alt=\"\" class=\"wp-image-56\" srcset=\"https:\/\/miwebes.pe\/alojamiento\/casa-arkan\/wp-content\/uploads\/2025\/03\/hospedaje-huanchaco-1-300x169.jpg 300w, https:\/\/miwebes.pe\/alojamiento\/casa-arkan\/wp-content\/uploads\/2025\/03\/hospedaje-huanchaco-1-1024x576.jpg 1024w, https:\/\/miwebes.pe\/alojamiento\/casa-arkan\/wp-content\/uploads\/2025\/03\/hospedaje-huanchaco-1-768x432.jpg 768w, https:\/\/miwebes.pe\/alojamiento\/casa-arkan\/wp-content\/uploads\/2025\/03\/hospedaje-huanchaco-1-320x180.jpg 320w, https:\/\/miwebes.pe\/alojamiento\/casa-arkan\/wp-content\/uploads\/2025\/03\/hospedaje-huanchaco-1.jpg 1280w\" sizes=\"auto, (max-width: 300px) 100vw, 300px\" \/><\/figure>\n<\/figure>\n","protected":false},"excerpt":{"rendered":"<p>Precios desde S\/. 49 por noche Comodidad Espacios amplios y c\u00f3modos, con \u00e1reas comunes y de f\u00e1cil acceso a zonas emblem\u00e1ticas de Huanchaco, c\u00f3mo en casa. Mejoramos ofertas. Limpieza Lo m\u00e1s importante en el dia a dia y sin descuidar nuestro compromiso con el medio ambiente y la comunidad local. \u00a1Reciclemos!. Confort \u00c1reas comunes con [&hellip;]<\/p>\n","protected":false},"author":1,"featured_media":0,"parent":0,"menu_order":0,"comment_status":"closed","ping_status":"closed","template":"","meta":{"footnotes":""},"class_list":["post-5","page","type-page","status-publish","hentry"],"_links":{"self":[{"href":"https:\/\/miwebes.pe\/alojamiento\/casa-arkan\/wp-json\/wp\/v2\/pages\/5","targetHints":{"allow":["GET"]}}],"collection":[{"href":"https:\/\/miwebes.pe\/alojamiento\/casa-arkan\/wp-json\/wp\/v2\/pages"}],"about":[{"href":"https:\/\/miwebes.pe\/alojamiento\/casa-arkan\/wp-json\/wp\/v2\/types\/page"}],"author":[{"embeddable":true,"href":"https:\/\/miwebes.pe\/alojamiento\/casa-arkan\/wp-json\/wp\/v2\/users\/1"}],"replies":[{"embeddable":true,"href":"https:\/\/miwebes.pe\/alojamiento\/casa-arkan\/wp-json\/wp\/v2\/comments?post=5"}],"version-history":[{"count":18,"href":"https:\/\/miwebes.pe\/alojamiento\/casa-arkan\/wp-json\/wp\/v2\/pages\/5\/revisions"}],"predecessor-version":[{"id":210,"href":"https:\/\/miwebes.pe\/alojamiento\/casa-arkan\/wp-json\/wp\/v2\/pages\/5\/revisions\/210"}],"wp:attachment":[{"href":"https:\/\/miwebes.pe\/alojamiento\/casa-arkan\/wp-json\/wp\/v2\/media?parent=5"}],"curies":[{"name":"wp","href":"https:\/\/api.w.org\/{rel}","templated":true}]}}