{"id":6,"date":"2025-03-12T16:32:34","date_gmt":"2025-03-12T15:32:34","guid":{"rendered":"https:\/\/miwebes.pe\/alojamiento\/casa-arkan\/?page_id=6"},"modified":"2025-03-13T11:50:42","modified_gmt":"2025-03-13T10:50:42","slug":"acerca-de","status":"publish","type":"page","link":"https:\/\/miwebes.pe\/alojamiento\/casa-arkan\/acerca-de\/","title":{"rendered":"Acerca de"},"content":{"rendered":"\n<div class=\"wp-block-columns are-vertically-aligned-center is-layout-flex wp-container-core-columns-is-layout-28f84493 wp-block-columns-is-layout-flex\">\n<div class=\"wp-block-column is-vertically-aligned-center is-layout-flow wp-block-column-is-layout-flow\" style=\"flex-basis:50%\">\n<div class=\"wp-block-group is-content-justification-center is-nowrap is-layout-flex wp-container-core-group-is-layout-23441af8 wp-block-group-is-layout-flex\">\n<figure class=\"wp-block-image size-large\"><img loading=\"lazy\" decoding=\"async\" width=\"769\" height=\"1024\" src=\"https:\/\/miwebes.pe\/alojamiento\/casa-arkan\/wp-content\/uploads\/2025\/03\/hospedaje-huanchaco-13-769x1024.jpg\" alt=\"Casa Arkan - habitaciones cama doble\" class=\"wp-image-68\" srcset=\"https:\/\/miwebes.pe\/alojamiento\/casa-arkan\/wp-content\/uploads\/2025\/03\/hospedaje-huanchaco-13-769x1024.jpg 769w, https:\/\/miwebes.pe\/alojamiento\/casa-arkan\/wp-content\/uploads\/2025\/03\/hospedaje-huanchaco-13-225x300.jpg 225w, https:\/\/miwebes.pe\/alojamiento\/casa-arkan\/wp-content\/uploads\/2025\/03\/hospedaje-huanchaco-13-768x1023.jpg 768w, https:\/\/miwebes.pe\/alojamiento\/casa-arkan\/wp-content\/uploads\/2025\/03\/hospedaje-huanchaco-13.jpg 961w\" sizes=\"auto, (max-width: 769px) 100vw, 769px\" \/><figcaption class=\"wp-element-caption\">Casa Arkan - habitaciones cama doble<\/figcaption><\/figure>\n<\/div>\n<\/div>\n\n\n\n<div class=\"wp-block-column is-layout-flow wp-block-column-is-layout-flow\" style=\"flex-basis:50%\">\n<h2 class=\"wp-block-heading has-text-align-center\"><strong>HOSPEDAJE \/ ALOJAMIENTO CASA ARKAN<\/strong><\/h2>\n\n\n\n<p>Queremos ser el hospedaje preferido por los viajeros que buscan comodidad, exclusividad y una experiencia aut\u00e9ntica en la costa de Huanchaco, combinando modernidad con el encanto local.<\/p>\n\n\n\n<p>Tenemos como misi\u00f3n, brindar a nuestros hu\u00e9spedes un espacio acogedor, elegante y bien ubicado, donde puedan disfrutar de una estad\u00eda placentera, con servicios de alta calidad y atenci\u00f3n personalizada.<\/p>\n\n\n\n<p>Nuestro ADN es:<\/p>\n\n\n\n<ul class=\"wp-block-list\">\n<li>Confort y exclusividad: Espacios dise\u00f1ados para la relajaci\u00f3n y el bienestar.<\/li>\n\n\n\n<li>Hospitalidad aut\u00e9ntica: Atenci\u00f3n c\u00e1lida y personalizada.<\/li>\n\n\n\n<li>Sostenibilidad: Compromiso con el medioambiente y la comunidad local.<\/li>\n\n\n\n<li>Innovaci\u00f3n y calidad: Mejoramos constantemente para ofrecer la mejor experiencia.<\/li>\n<\/ul>\n<\/div>\n<\/div>\n\n\n\n<p><\/p>\n\n\n\n<p><\/p>\n\n\n\n<p><\/p>\n","protected":false},"excerpt":{"rendered":"<p>HOSPEDAJE \/ ALOJAMIENTO CASA ARKAN Queremos ser el hospedaje preferido por los viajeros que buscan comodidad, exclusividad y una experiencia aut\u00e9ntica en la costa de Huanchaco, combinando modernidad con el encanto local. Tenemos como misi\u00f3n, brindar a nuestros hu\u00e9spedes un espacio acogedor, elegante y bien ubicado, donde puedan disfrutar de una estad\u00eda placentera, con servicios [&hellip;]<\/p>\n","protected":false},"author":1,"featured_media":0,"parent":0,"menu_order":0,"comment_status":"closed","ping_status":"closed","template":"","meta":{"footnotes":""},"class_list":["post-6","page","type-page","status-publish","hentry"],"_links":{"self":[{"href":"https:\/\/miwebes.pe\/alojamiento\/casa-arkan\/wp-json\/wp\/v2\/pages\/6","targetHints":{"allow":["GET"]}}],"collection":[{"href":"https:\/\/miwebes.pe\/alojamiento\/casa-arkan\/wp-json\/wp\/v2\/pages"}],"about":[{"href":"https:\/\/miwebes.pe\/alojamiento\/casa-arkan\/wp-json\/wp\/v2\/types\/page"}],"author":[{"embeddable":true,"href":"https:\/\/miwebes.pe\/alojamiento\/casa-arkan\/wp-json\/wp\/v2\/users\/1"}],"replies":[{"embeddable":true,"href":"https:\/\/miwebes.pe\/alojamiento\/casa-arkan\/wp-json\/wp\/v2\/comments?post=6"}],"version-history":[{"count":7,"href":"https:\/\/miwebes.pe\/alojamiento\/casa-arkan\/wp-json\/wp\/v2\/pages\/6\/revisions"}],"predecessor-version":[{"id":75,"href":"https:\/\/miwebes.pe\/alojamiento\/casa-arkan\/wp-json\/wp\/v2\/pages\/6\/revisions\/75"}],"wp:attachment":[{"href":"https:\/\/miwebes.pe\/alojamiento\/casa-arkan\/wp-json\/wp\/v2\/media?parent=6"}],"curies":[{"name":"wp","href":"https:\/\/api.w.org\/{rel}","templated":true}]}}