{"id":10,"date":"2022-08-25T04:05:15","date_gmt":"2022-08-25T04:05:15","guid":{"rendered":"https:\/\/demo2wpopal.b-cdn.net\/grenda2\/?page_id=10"},"modified":"2025-07-12T09:20:24","modified_gmt":"2025-07-12T14:20:24","slug":"aviso-legal","status":"publish","type":"page","link":"https:\/\/miwebes.pe\/catering-sumaq\/aviso-legal\/","title":{"rendered":"Aviso legal"},"content":{"rendered":"\t\t<div data-elementor-type=\"wp-page\" data-elementor-id=\"10\" class=\"elementor elementor-10\">\n\t\t\t\t\t\t<div class=\"elementor-section elementor-top-section elementor-element elementor-element-de14d65 elementor-section-boxed elementor-section-height-default elementor-section-height-default\" data-id=\"de14d65\" data-element_type=\"section\">\n\t\t\t\t\t\t<div class=\"elementor-container elementor-column-gap-default\">\n\t\t\t\t\t<div class=\"elementor-column elementor-col-100 elementor-top-column elementor-element elementor-element-2862c73\" data-id=\"2862c73\" data-element_type=\"column\">\n\t\t\t<div class=\"elementor-widget-wrap elementor-element-populated\">\n\t\t\t\t\n\t\t<div class=\"elementor-element elementor-element-b55be3b elementor-widget elementor-widget-heading\" data-id=\"b55be3b\" data-element_type=\"widget\" data-widget_type=\"heading.default\">\n\t\t\t\t\t<h2 class=\"elementor-heading-title elementor-size-default\">Recuerde<\/h2>\t\t\t\t<\/div>\n\t\t\t\t<div class=\"elementor-element elementor-element-de56b0c elementor-widget elementor-widget-text-editor\" data-id=\"de56b0c\" data-element_type=\"widget\" data-widget_type=\"text-editor.default\">\n\t\t\t\t\t\t\t\t\t<p>CATERING SUMAQ S.L., responsable del sitio web, en adelante RESPONSABLE, pone a disposici\u00f3n de los usuarios el presente documento, con el que pretende dar cumplimiento a las obligaciones dispuestas en Per\u00fa sobre las leyes que correspondan a los Servicios de la Sociedad de la Informaci\u00f3n y de Comercio Electr\u00f3nico, as\u00ed como informar a todos los usuarios del sitio web respecto a cu\u00e1les son las condiciones de uso.<\/p><p>Toda persona que acceda a este sitio web asume el papel de usuario, comprometi\u00e9ndose a la observancia y cumplimiento riguroso de las disposiciones aqu\u00ed dispuestas, as\u00ed como a cualquier otra disposici\u00f3n legal que fuera de aplicaci\u00f3n.<\/p><p>CATERING SUMAQ S.L. se reserva el derecho de modificar cualquier tipo de informaci\u00f3n que pudiera aparecer en el sitio web, sin que exista obligaci\u00f3n de preavisar o poner en conocimiento de los usuarios dichas obligaciones, entendi\u00e9ndose como suficiente con la publicaci\u00f3n en \u00e9ste sitio web.<\/p>\t\t\t\t\t\t\t\t<\/div>\n\t\t\t\t<div class=\"elementor-element elementor-element-ad9dfc6 elementor-widget elementor-widget-text-editor\" data-id=\"ad9dfc6\" data-element_type=\"widget\" data-widget_type=\"text-editor.default\">\n\t\t\t\t\t\t\t\t\t<p><strong>1. DATOS IDENTIFICATIVOS<\/strong><\/p><p>Nombre de dominio: https:\/\/miwebes.pe\/catering-sumaq\/<br \/>Nombre comercial: SUMAQ S.L.<br \/>Denominaci\u00f3n social: SUMAQ S.L.<br \/>RUC:\u00a0<br \/>Domicilio social: Lima, Per\u00fa<br \/>Tel\u00e9fono:\u00a0<br \/>e-mail: catering-sumaq@miwebes.pe<\/p>\t\t\t\t\t\t\t\t<\/div>\n\t\t\t\t<div class=\"elementor-element elementor-element-2a3777d elementor-widget elementor-widget-text-editor\" data-id=\"2a3777d\" data-element_type=\"widget\" data-widget_type=\"text-editor.default\">\n\t\t\t\t\t\t\t\t\t<p><strong>2. DERECHOS DE PROPIEDAD INTELECTUAL E INDUSTRIAL<\/strong><\/p><p>El sitio web, incluyendo a t\u00edtulo enunciativo, pero no limitativo su programaci\u00f3n, edici\u00f3n, compilaci\u00f3n y dem\u00e1s elementos necesarios para su funcionamiento, los dise\u00f1os, logotipos, texto y\/o gr\u00e1ficos, son propiedad del RESPONSABLE o, si es el caso, dispone de licencia o autorizaci\u00f3n expresa por parte de los autores. Todos los contenidos del sitio web se encuentran debidamente protegidos por la normativa de propiedad intelectual e industrial, as\u00ed como inscritos en los registros p\u00fablicos correspondientes.\u00a0<\/p><p>Independientemente de la finalidad para la que fueran destinados, la reproducci\u00f3n total o parcial, uso, explotaci\u00f3n, distribuci\u00f3n y comercializaci\u00f3n, requiere en todo caso de la autorizaci\u00f3n escrita previa por parte del RESPONSABLE. Cualquier uso no autorizado previamente se considera un incumplimiento grave de los derechos de propiedad intelectual o industrial del autor.\u00a0<\/p><p>Los dise\u00f1os, logotipos, texto y\/o gr\u00e1ficos ajenos al RESPONSABLE y que pudieran aparecer en el sitio web, pertenecen a sus respectivos propietarios, siendo ellos mismos responsables de cualquier posible controversia que pudiera suscitarse respecto a los mismos. El RESPONSABLE autoriza expresamente a que terceros puedan redirigir directamente a los contenidos concretos del sitio web, y en todo caso redirigir al sitio web principal de https:\/\/miwebes.pe\/catering-sumaq\/\u00a0<\/p><p>El RESPONSABLE reconoce a favor de sus titulares los correspondientes derechos de propiedad intelectual e industrial, no implicando su sola menci\u00f3n o aparici\u00f3n en el sitio web la existencia de derechos o responsabilidad alguna sobre los mismos, como tampoco respaldo, patrocinio o recomendaci\u00f3n por parte del mismo.<\/p><p>Para realizar cualquier tipo de observaci\u00f3n respecto a posibles incumplimientos de los derechos de propiedad intelectual o industrial, as\u00ed como sobre cualquiera de los contenidos del sitio web, puede hacerlo a trav\u00e9s del correo electr\u00f3nico <strong>catering-sumaq@miwebes.pe<\/strong><\/p>\t\t\t\t\t\t\t\t<\/div>\n\t\t\t\t<div class=\"elementor-element elementor-element-b959fa8 elementor-widget elementor-widget-text-editor\" data-id=\"b959fa8\" data-element_type=\"widget\" data-widget_type=\"text-editor.default\">\n\t\t\t\t\t\t\t\t\t<p><strong>3. EXENCI\u00d3N DE RESPONSABILIDADES<\/strong><\/p><p>El RESPONSABLE se exime de cualquier tipo de responsabilidad derivada de la informaci\u00f3n publicada en su sitio web siempre que esta informaci\u00f3n haya sido manipulada o introducida por un tercero ajeno al mismo.<\/p>\t\t\t\t\t\t\t\t<\/div>\n\t\t\t\t<div class=\"elementor-element elementor-element-f0b77fb elementor-widget elementor-widget-text-editor\" data-id=\"f0b77fb\" data-element_type=\"widget\" data-widget_type=\"text-editor.default\">\n\t\t\t\t\t\t\t\t\t<p><strong>4. LEY APLICABLE Y JURISDICCI\u00d3N<\/strong><\/p><p>Para la resoluci\u00f3n de todas las controversias o cuestiones relacionadas con el presente sitio web o de las actividades en \u00e9l desarrolladas, ser\u00e1 de aplicaci\u00f3n la legislaci\u00f3n espa\u00f1ola, a la que se someten expresamente las partes, siendo competentes para la resoluci\u00f3n de todos los conflictos derivados o relacionados con su uso los Juzgados y Tribunales m\u00e1s cercanos a Lima.<\/p>\t\t\t\t\t\t\t\t<\/div>\n\t\t\t\t\t<\/div>\n\t\t<\/div>\n\t\t\t\t\t<\/div>\n\t\t<\/div>\n\t\t\t\t<\/div>\n\t\t","protected":false},"excerpt":{"rendered":"<p>Recuerde CATERING SUMAQ S.L., responsable del sitio web, en adelante RESPONSABLE, pone a disposici\u00f3n de los usuarios el presente documento, con el que pretende dar cumplimiento a las obligaciones dispuestas en Per\u00fa sobre las leyes que correspondan a los Servicios de la Sociedad de la Informaci\u00f3n y de Comercio Electr\u00f3nico, as\u00ed como informar a todos [&hellip;]<\/p>\n","protected":false},"author":1,"featured_media":0,"parent":0,"menu_order":0,"comment_status":"closed","ping_status":"closed","template":"","meta":{"footnotes":""},"class_list":["post-10","page","type-page","status-publish","hentry"],"_links":{"self":[{"href":"https:\/\/miwebes.pe\/catering-sumaq\/wp-json\/wp\/v2\/pages\/10","targetHints":{"allow":["GET"]}}],"collection":[{"href":"https:\/\/miwebes.pe\/catering-sumaq\/wp-json\/wp\/v2\/pages"}],"about":[{"href":"https:\/\/miwebes.pe\/catering-sumaq\/wp-json\/wp\/v2\/types\/page"}],"author":[{"embeddable":true,"href":"https:\/\/miwebes.pe\/catering-sumaq\/wp-json\/wp\/v2\/users\/1"}],"replies":[{"embeddable":true,"href":"https:\/\/miwebes.pe\/catering-sumaq\/wp-json\/wp\/v2\/comments?post=10"}],"version-history":[{"count":10,"href":"https:\/\/miwebes.pe\/catering-sumaq\/wp-json\/wp\/v2\/pages\/10\/revisions"}],"predecessor-version":[{"id":4064,"href":"https:\/\/miwebes.pe\/catering-sumaq\/wp-json\/wp\/v2\/pages\/10\/revisions\/4064"}],"wp:attachment":[{"href":"https:\/\/miwebes.pe\/catering-sumaq\/wp-json\/wp\/v2\/media?parent=10"}],"curies":[{"name":"wp","href":"https:\/\/api.w.org\/{rel}","templated":true}]}}