{"id":21,"date":"2022-08-25T04:19:03","date_gmt":"2022-08-25T04:19:03","guid":{"rendered":"https:\/\/demo2wpopal.b-cdn.net\/grenda2\/?page_id=21"},"modified":"2025-07-16T10:54:07","modified_gmt":"2025-07-16T15:54:07","slug":"portafolio","status":"publish","type":"page","link":"https:\/\/miwebes.pe\/catering-sumaq\/portafolio\/","title":{"rendered":"Portafolio"},"content":{"rendered":"\t\t<div data-elementor-type=\"wp-page\" data-elementor-id=\"21\" class=\"elementor elementor-21\">\n\t\t\t\t\t\t<div class=\"elementor-section elementor-top-section elementor-element elementor-element-c343c30 elementor-section-stretched elementor-section-boxed elementor-section-height-default elementor-section-height-default\" data-id=\"c343c30\" data-element_type=\"section\" data-settings=\"{&quot;stretch_section&quot;:&quot;section-stretched&quot;}\">\n\t\t\t\t\t\t<div class=\"elementor-container elementor-column-gap-no\">\n\t\t\t\t\t<div class=\"elementor-column elementor-col-100 elementor-top-column elementor-element elementor-element-e43c035\" data-id=\"e43c035\" data-element_type=\"column\">\n\t\t\t<div class=\"elementor-widget-wrap elementor-element-populated\">\n\t\t\t\t\n\t\t<div class=\"elementor-element elementor-element-c16f328 elementor-widget__width-initial elementor-widget elementor-widget-text-editor\" data-id=\"c16f328\" data-element_type=\"widget\" data-widget_type=\"text-editor.default\">\n\t\t\t\t\t\t\t\t\t<p>Ofrecemos nuestra experiencia en el \u00e1rea del catering, buffet, eventos familiares o empresariales, durante los \u00faltimos 25 a\u00f1os.<\/p>\t\t\t\t\t\t\t\t<\/div>\n\t\t\t\t<div class=\"elementor-element elementor-element-075f10b arrow-style-1 elementor-widget elementor-widget-grenda2-venue\" data-id=\"075f10b\" data-element_type=\"widget\" data-widget_type=\"grenda2-venue.default\">\n\t\t\t\t<div class=\"elementor-widget-container\">\n\t\t\t\t\t        <div class=\"elementor-venue-wrapper\">\n            <div class=\"row\" data-elementor-columns=\"2\" data-elementor-columns-tablet=\"2\" data-elementor-columns-mobile=\"1\">\n                <div class=\"column-item\"><article class=\"venue post-1014 grenda2_venue type-grenda2_venue status-publish has-post-thumbnail hentry\">\n    <a href=\"https:\/\/miwebes.pe\/catering-sumaq\/venue\/cumpleanos-de-hermanos\/\">\n        <div class=\"venue-inner\">\n                            <div class=\"venue-post-thumbnail\">\n                    <img fetchpriority=\"high\" decoding=\"async\" width=\"870\" height=\"450\" src=\"https:\/\/miwebes.pe\/catering-sumaq\/wp-content\/uploads\/2022\/08\/cumpleanios-catering-sumaq-3.jpg\" class=\"attachment-grenda2-venue-grid size-grenda2-venue-grid wp-post-image\" alt=\"\" srcset=\"https:\/\/miwebes.pe\/catering-sumaq\/wp-content\/uploads\/2022\/08\/cumpleanios-catering-sumaq-3.jpg 870w, https:\/\/miwebes.pe\/catering-sumaq\/wp-content\/uploads\/2022\/08\/cumpleanios-catering-sumaq-3-300x155.jpg 300w, https:\/\/miwebes.pe\/catering-sumaq\/wp-content\/uploads\/2022\/08\/cumpleanios-catering-sumaq-3-768x397.jpg 768w\" sizes=\"(max-width: 870px) 100vw, 870px\" \/>                <\/div><!-- .post-thumbnail -->\n                        <div class=\"venue-content\">\n                <h5 class=\"entry-title\">Cumplea\u00f1os de hermanos<\/h5>\n                                    <div class=\"address\">Familia Ramirez, Cercado de Lima<\/div>\n                            <\/div>\n        <\/div>\n    <\/a>\n<\/article><!-- #post-## -->\n<\/div><div class=\"column-item\"><article class=\"venue post-1013 grenda2_venue type-grenda2_venue status-publish has-post-thumbnail hentry\">\n    <a href=\"https:\/\/miwebes.pe\/catering-sumaq\/venue\/buffet-criollo\/\">\n        <div class=\"venue-inner\">\n                            <div class=\"venue-post-thumbnail\">\n                    <img decoding=\"async\" width=\"870\" height=\"450\" src=\"https:\/\/miwebes.pe\/catering-sumaq\/wp-content\/uploads\/2022\/08\/decoracion-catering-sumaq-01.jpg\" class=\"attachment-grenda2-venue-grid size-grenda2-venue-grid wp-post-image\" alt=\"\" srcset=\"https:\/\/miwebes.pe\/catering-sumaq\/wp-content\/uploads\/2022\/08\/decoracion-catering-sumaq-01.jpg 870w, https:\/\/miwebes.pe\/catering-sumaq\/wp-content\/uploads\/2022\/08\/decoracion-catering-sumaq-01-300x155.jpg 300w, https:\/\/miwebes.pe\/catering-sumaq\/wp-content\/uploads\/2022\/08\/decoracion-catering-sumaq-01-768x397.jpg 768w\" sizes=\"(max-width: 870px) 100vw, 870px\" \/>                <\/div><!-- .post-thumbnail -->\n                        <div class=\"venue-content\">\n                <h5 class=\"entry-title\">Buffet criollo<\/h5>\n                                    <div class=\"address\">Las Casuarinas, Lima<\/div>\n                            <\/div>\n        <\/div>\n    <\/a>\n<\/article><!-- #post-## -->\n<\/div><div class=\"column-item\"><article class=\"venue post-1012 grenda2_venue type-grenda2_venue status-publish has-post-thumbnail hentry\">\n    <a href=\"https:\/\/miwebes.pe\/catering-sumaq\/venue\/decoracion-de-cumpleanos\/\">\n        <div class=\"venue-inner\">\n                            <div class=\"venue-post-thumbnail\">\n                    <img decoding=\"async\" width=\"870\" height=\"450\" src=\"https:\/\/miwebes.pe\/catering-sumaq\/wp-content\/uploads\/2022\/08\/decoracion-catering-sumaq-03.jpg\" class=\"attachment-grenda2-venue-grid size-grenda2-venue-grid wp-post-image\" alt=\"\" srcset=\"https:\/\/miwebes.pe\/catering-sumaq\/wp-content\/uploads\/2022\/08\/decoracion-catering-sumaq-03.jpg 870w, https:\/\/miwebes.pe\/catering-sumaq\/wp-content\/uploads\/2022\/08\/decoracion-catering-sumaq-03-300x155.jpg 300w, https:\/\/miwebes.pe\/catering-sumaq\/wp-content\/uploads\/2022\/08\/decoracion-catering-sumaq-03-768x397.jpg 768w\" sizes=\"(max-width: 870px) 100vw, 870px\" \/>                <\/div><!-- .post-thumbnail -->\n                        <div class=\"venue-content\">\n                <h5 class=\"entry-title\">Decoraci\u00f3n de cumplea\u00f1os<\/h5>\n                                    <div class=\"address\">Matrimonio Aguirre, Los Olivos<\/div>\n                            <\/div>\n        <\/div>\n    <\/a>\n<\/article><!-- #post-## -->\n<\/div><div class=\"column-item\"><article class=\"venue post-1011 grenda2_venue type-grenda2_venue status-publish has-post-thumbnail hentry\">\n    <a href=\"https:\/\/miwebes.pe\/catering-sumaq\/venue\/monterrico-lima\/\">\n        <div class=\"venue-inner\">\n                            <div class=\"venue-post-thumbnail\">\n                    <img loading=\"lazy\" decoding=\"async\" width=\"870\" height=\"449\" src=\"https:\/\/miwebes.pe\/catering-sumaq\/wp-content\/uploads\/2022\/08\/venues-4.jpeg\" class=\"attachment-grenda2-venue-grid size-grenda2-venue-grid wp-post-image\" alt=\"\" srcset=\"https:\/\/miwebes.pe\/catering-sumaq\/wp-content\/uploads\/2022\/08\/venues-4.jpeg 870w, https:\/\/miwebes.pe\/catering-sumaq\/wp-content\/uploads\/2022\/08\/venues-4-300x155.jpeg 300w, https:\/\/miwebes.pe\/catering-sumaq\/wp-content\/uploads\/2022\/08\/venues-4-768x396.jpeg 768w\" sizes=\"(max-width: 870px) 100vw, 870px\" \/>                <\/div><!-- .post-thumbnail -->\n                        <div class=\"venue-content\">\n                <h5 class=\"entry-title\">Evento de negocios Kallpa<\/h5>\n                                    <div class=\"address\">Monterrico, Lima<\/div>\n                            <\/div>\n        <\/div>\n    <\/a>\n<\/article><!-- #post-## -->\n<\/div>            <\/div>\n        <\/div>\n        \t\t\t\t<\/div>\n\t\t\t\t<\/div>\n\t\t\t\t\t<\/div>\n\t\t<\/div>\n\t\t\t\t\t<\/div>\n\t\t<\/div>\n\t\t\t\t<div class=\"elementor-section elementor-top-section elementor-element elementor-element-0fccf8b elementor-section-full_width elementor-section-stretched elementor-section-height-default elementor-section-height-default\" data-id=\"0fccf8b\" data-element_type=\"section\" data-settings=\"{&quot;stretch_section&quot;:&quot;section-stretched&quot;,&quot;background_background&quot;:&quot;classic&quot;}\">\n\t\t\t\t\t\t\t<div class=\"elementor-background-overlay\"><\/div>\n\t\t\t\t\t\t\t<div class=\"elementor-container elementor-column-gap-no\">\n\t\t\t\t\t<div class=\"elementor-column elementor-col-100 elementor-top-column elementor-element elementor-element-96c50d8\" data-id=\"96c50d8\" data-element_type=\"column\">\n\t\t\t<div class=\"elementor-widget-wrap elementor-element-populated\">\n\t\t\t\t\t\t<div class=\"elementor-element elementor-element-81c4871 elementor-widget elementor-widget-heading\" data-id=\"81c4871\" data-element_type=\"widget\" data-widget_type=\"heading.default\">\n\t\t\t\t\t<h2 class=\"elementor-heading-title elementor-size-default\"><a href=\"https:\/\/miwebes.pe\/catering-sumaq\/contacto\/\">\u00bfPr\u00f3ximos eventos? contacta con nosotros<\/a><\/h2>\t\t\t\t<\/div>\n\t\t\t\t<div class=\"elementor-element elementor-element-977a440 elementor-widget elementor-widget-heading\" data-id=\"977a440\" data-element_type=\"widget\" data-widget_type=\"heading.default\">\n\t\t\t\t\t<h2 class=\"elementor-heading-title elementor-size-default\"><a href=\"https:\/\/miwebes.pe\/catering-sumaq\/contacto\/\">Perm\u00edtanos hacer que sus eventos sean impecables.<\/a><\/h2>\t\t\t\t<\/div>\n\t\t\t\t<div class=\"elementor-element elementor-element-0b41405 elementor-align-center elementor-widget elementor-widget-button\" data-id=\"0b41405\" data-element_type=\"widget\" data-widget_type=\"button.default\">\n\t\t\t\t\t\t\t\t\t\t<a class=\"elementor-button elementor-button-link elementor-size-lg\" href=\"https:\/\/miwebes.pe\/catering-sumaq\/presupuesto\/\">\n\t\t\t\t\t\t<span class=\"elementor-button-content-wrapper\">\n\t\t\t\t\t\t\t\t\t<span class=\"elementor-button-text\">Solicita presupuesto<\/span>\n\t\t\t\t\t<\/span>\n\t\t\t\t\t<\/a>\n\t\t\t\t\t\t\t\t<\/div>\n\t\t\t\t\t<\/div>\n\t\t<\/div>\n\t\t\t\t\t<\/div>\n\t\t<\/div>\n\t\t\t\t<\/div>\n\t\t","protected":false},"excerpt":{"rendered":"<p>Ofrecemos nuestra experiencia en el \u00e1rea del catering, buffet, eventos familiares o empresariales, durante los \u00faltimos 25 a\u00f1os. Cumplea\u00f1os de hermanos Familia Ramirez, Cercado de Lima Buffet criolla Las Casuarinas, Lima Decoraci\u00f3n de cumplea\u00f1os Matrimonio Aguirre, Los Olivos Evento de negocios Kallpa Frontera Verde Drive cor. Julia Vargas \u00bfPr\u00f3ximos eventos? contacta con nosotros Perm\u00edtanos hacer [&hellip;]<\/p>\n","protected":false},"author":1,"featured_media":0,"parent":0,"menu_order":0,"comment_status":"closed","ping_status":"closed","template":"template-homepage.php","meta":{"footnotes":""},"class_list":["post-21","page","type-page","status-publish","hentry"],"_links":{"self":[{"href":"https:\/\/miwebes.pe\/catering-sumaq\/wp-json\/wp\/v2\/pages\/21","targetHints":{"allow":["GET"]}}],"collection":[{"href":"https:\/\/miwebes.pe\/catering-sumaq\/wp-json\/wp\/v2\/pages"}],"about":[{"href":"https:\/\/miwebes.pe\/catering-sumaq\/wp-json\/wp\/v2\/types\/page"}],"author":[{"embeddable":true,"href":"https:\/\/miwebes.pe\/catering-sumaq\/wp-json\/wp\/v2\/users\/1"}],"replies":[{"embeddable":true,"href":"https:\/\/miwebes.pe\/catering-sumaq\/wp-json\/wp\/v2\/comments?post=21"}],"version-history":[{"count":17,"href":"https:\/\/miwebes.pe\/catering-sumaq\/wp-json\/wp\/v2\/pages\/21\/revisions"}],"predecessor-version":[{"id":4294,"href":"https:\/\/miwebes.pe\/catering-sumaq\/wp-json\/wp\/v2\/pages\/21\/revisions\/4294"}],"wp:attachment":[{"href":"https:\/\/miwebes.pe\/catering-sumaq\/wp-json\/wp\/v2\/media?parent=21"}],"curies":[{"name":"wp","href":"https:\/\/api.w.org\/{rel}","templated":true}]}}