{"id":27,"date":"2022-08-25T04:23:19","date_gmt":"2022-08-25T04:23:19","guid":{"rendered":"https:\/\/demo2wpopal.b-cdn.net\/grenda2\/?page_id=27"},"modified":"2025-08-21T15:42:11","modified_gmt":"2025-08-21T20:42:11","slug":"nosotros","status":"publish","type":"page","link":"https:\/\/miwebes.pe\/catering-sumaq\/nosotros\/","title":{"rendered":"Nosotros"},"content":{"rendered":"\t\t<div data-elementor-type=\"wp-page\" data-elementor-id=\"27\" class=\"elementor elementor-27\">\n\t\t\t\t\t\t<div class=\"elementor-section elementor-top-section elementor-element elementor-element-e612946 elementor-section-stretched elementor-section-boxed elementor-section-height-default elementor-section-height-default\" data-id=\"e612946\" data-element_type=\"section\" data-settings=\"{&quot;stretch_section&quot;:&quot;section-stretched&quot;,&quot;background_background&quot;:&quot;classic&quot;}\">\n\t\t\t\t\t\t<div class=\"elementor-container elementor-column-gap-no\">\n\t\t\t\t\t<div class=\"elementor-column elementor-col-50 elementor-top-column elementor-element elementor-element-f81e319\" data-id=\"f81e319\" data-element_type=\"column\">\n\t\t\t<div class=\"elementor-widget-wrap elementor-element-populated\">\n\t\t\t\t\n\t\t<div class=\"elementor-element elementor-element-1e57919 elementor-widget elementor-widget-heading\" data-id=\"1e57919\" data-element_type=\"widget\" data-widget_type=\"heading.default\">\n\t\t\t\t\t<h2 class=\"elementor-heading-title elementor-size-default\">Bienvenido a Sumaq, una empresa l\u00edder en catering, decoraciones y planificaci\u00f3n de eventos Lima, Per\u00fa.<\/h2>\t\t\t\t<\/div>\n\t\t\t\t<div class=\"elementor-element elementor-element-aca8c2c elementor-widget elementor-widget-text-editor\" data-id=\"aca8c2c\" data-element_type=\"widget\" data-widget_type=\"text-editor.default\">\n\t\t\t\t\t\t\t\t\t<p>En Catering Sumaq no solo sentimos la pasi\u00f3n por la buena comida, cada evento son motivo de m\u00e1xima inspiraci\u00f3n avoc\u00e1ndonos \u00edntegramente a desarrollarlo con la filosof\u00eda del buen servicio, buen gusto, orientados a satisfacer plenamente todos y cada uno de los requerimientos y detalles solicitados. Creando un hermoso recuerdo en tu historia.<\/p><p>Asesor\u00e1ndote y orient\u00e1ndote por un presupuesto razonable al alcance de nuestros clientes en general. Tenemos el firme prop\u00f3sito de darle la mejor calidad de servicio para que su evento sea todo un \u00e9xito.<\/p>\t\t\t\t\t\t\t\t<\/div>\n\t\t\t\t\t<\/div>\n\t\t<\/div>\n\t\t\t\t<div class=\"elementor-column elementor-col-50 elementor-top-column elementor-element elementor-element-6be1f26\" data-id=\"6be1f26\" data-element_type=\"column\">\n\t\t\t<div class=\"elementor-widget-wrap elementor-element-populated\">\n\t\t\t\t\t\t<div class=\"elementor-element elementor-element-b4f30df elementor-widget elementor-widget-image\" data-id=\"b4f30df\" data-element_type=\"widget\" data-widget_type=\"image.default\">\n\t\t\t\t\t\t\t\t\t\t\t\t\t\t\t<img fetchpriority=\"high\" decoding=\"async\" width=\"620\" height=\"420\" src=\"https:\/\/miwebes.pe\/catering-sumaq\/wp-content\/uploads\/2022\/08\/about_img.jpg\" class=\"attachment-full size-full wp-image-171\" alt=\"\" srcset=\"https:\/\/miwebes.pe\/catering-sumaq\/wp-content\/uploads\/2022\/08\/about_img.jpg 620w, https:\/\/miwebes.pe\/catering-sumaq\/wp-content\/uploads\/2022\/08\/about_img-300x203.jpg 300w\" sizes=\"(max-width: 620px) 100vw, 620px\" \/>\t\t\t\t\t\t\t\t\t\t\t\t\t\t\t<\/div>\n\t\t\t\t\t<\/div>\n\t\t<\/div>\n\t\t\t\t\t<\/div>\n\t\t<\/div>\n\t\t\t\t<div class=\"elementor-section elementor-top-section elementor-element elementor-element-6732a55 elementor-section-height-min-height elementor-section-items-top elementor-section-stretched elementor-section-boxed elementor-section-height-default\" data-id=\"6732a55\" data-element_type=\"section\" data-settings=\"{&quot;stretch_section&quot;:&quot;section-stretched&quot;,&quot;background_background&quot;:&quot;classic&quot;}\">\n\t\t\t\t\t\t<div class=\"elementor-container elementor-column-gap-no\">\n\t\t\t\t\t<div class=\"elementor-column elementor-col-100 elementor-top-column elementor-element elementor-element-f44c7a9\" data-id=\"f44c7a9\" data-element_type=\"column\">\n\t\t\t<div class=\"elementor-widget-wrap elementor-element-populated\">\n\t\t\t\t\t\t<div class=\"elementor-element elementor-element-c75d279 elementor-widget__width-auto elementor-widget-divider--view-line elementor-widget elementor-widget-divider\" data-id=\"c75d279\" data-element_type=\"widget\" data-widget_type=\"divider.default\">\n\t\t\t\t\t\t\t<div class=\"elementor-divider\">\n\t\t\t<span class=\"elementor-divider-separator\">\n\t\t\t\t\t\t<\/span>\n\t\t<\/div>\n\t\t\t\t\t\t<\/div>\n\t\t\t\t<div class=\"elementor-element elementor-element-80dcee0 elementor-widget__width-auto elementor-widget elementor-widget-heading\" data-id=\"80dcee0\" data-element_type=\"widget\" data-widget_type=\"heading.default\">\n\t\t\t\t\t<h2 class=\"elementor-heading-title elementor-size-default\">Nuestra historia<\/h2>\t\t\t\t<\/div>\n\t\t\t\t<div class=\"elementor-element elementor-element-3517468 elementor-widget elementor-widget-text-editor\" data-id=\"3517468\" data-element_type=\"widget\" data-widget_type=\"text-editor.default\">\n\t\t\t\t\t\t\t\t\t<p>Contamos con m\u00e1s de 25 a\u00f1os de experiencia.<\/p>\t\t\t\t\t\t\t\t<\/div>\n\t\t\t\t\t<\/div>\n\t\t<\/div>\n\t\t\t\t\t<\/div>\n\t\t<\/div>\n\t\t\t\t<div class=\"elementor-section elementor-top-section elementor-element elementor-element-58aae2a elementor-section-stretched elementor-section-boxed elementor-section-height-default elementor-section-height-default\" data-id=\"58aae2a\" data-element_type=\"section\" data-settings=\"{&quot;stretch_section&quot;:&quot;section-stretched&quot;}\">\n\t\t\t\t\t\t<div class=\"elementor-container elementor-column-gap-no\">\n\t\t\t\t\t<div class=\"elementor-column elementor-col-50 elementor-top-column elementor-element elementor-element-5720aa2\" data-id=\"5720aa2\" data-element_type=\"column\">\n\t\t\t<div class=\"elementor-widget-wrap elementor-element-populated\">\n\t\t\t\t\t\t<div class=\"elementor-element elementor-element-9bc91c2 elementor-widget elementor-widget-image\" data-id=\"9bc91c2\" data-element_type=\"widget\" data-widget_type=\"image.default\">\n\t\t\t\t\t\t\t\t\t\t\t\t\t\t\t<img decoding=\"async\" width=\"640\" height=\"670\" src=\"https:\/\/miwebes.pe\/catering-sumaq\/wp-content\/uploads\/2022\/08\/about_img3.jpg\" class=\"attachment-full size-full wp-image-634\" alt=\"\" srcset=\"https:\/\/miwebes.pe\/catering-sumaq\/wp-content\/uploads\/2022\/08\/about_img3.jpg 640w, https:\/\/miwebes.pe\/catering-sumaq\/wp-content\/uploads\/2022\/08\/about_img3-287x300.jpg 287w\" sizes=\"(max-width: 640px) 100vw, 640px\" \/>\t\t\t\t\t\t\t\t\t\t\t\t\t\t\t<\/div>\n\t\t\t\t\t<\/div>\n\t\t<\/div>\n\t\t\t\t<div class=\"elementor-column elementor-col-50 elementor-top-column elementor-element elementor-element-e761d10\" data-id=\"e761d10\" data-element_type=\"column\" data-settings=\"{&quot;background_background&quot;:&quot;classic&quot;}\">\n\t\t\t<div class=\"elementor-widget-wrap elementor-element-populated\">\n\t\t\t\t\t\t<div class=\"elementor-element elementor-element-e8216bb testimonial-align-left arrow-style-1 elementor-widget elementor-widget-grenda2-testimonials\" data-id=\"e8216bb\" data-element_type=\"widget\" data-widget_type=\"grenda2-testimonials.default\">\n\t\t\t\t<div class=\"elementor-widget-container\">\n\t\t\t\t\t            <div class=\"elementor-testimonial-item-wrapper\">\n                <div class=\"row grenda2-carousel\" data-settings=\"{&quot;navigation&quot;:&quot;dots&quot;,&quot;autoplayHoverPause&quot;:true,&quot;autoplay&quot;:true,&quot;autoplaySpeed&quot;:5000,&quot;items&quot;:1,&quot;items_laptop&quot;:&quot;1&quot;,&quot;items_tablet_extra&quot;:1,&quot;items_tablet&quot;:&quot;1&quot;,&quot;items_mobile_extra&quot;:&quot;1&quot;,&quot;items_mobile&quot;:&quot;1&quot;,&quot;loop&quot;:true,&quot;breakpoint_laptop&quot;:1366,&quot;breakpoint_tablet_extra&quot;:1200,&quot;breakpoint_tablet&quot;:1024,&quot;breakpoint_mobile_extra&quot;:880,&quot;breakpoint_mobile&quot;:767}\">\n                                            <div class=\"column-item elementor-testimonial-item\">\n                            <div class=\"inner\">\n                                                                    <h3 class=\"title\">2000<\/h3>\n                                                                                                    <div class=\"subtitle\">En 2000, Mily abri\u00f3 las puertas de Sumaq, una de las primeras empresas de catering de Lima.<\/div>\n                                                                                                    <div class=\"content\">Hacer realidad tus sue\u00f1os, a trav\u00e9s de asesoramiento personalizado con el fin de crear en tu evento esos detalles \u00fanicos e inolvidables que imaginaste; para ello contamos con el respaldo de un equipo\u00a0 profesional y especializado.<\/div>\n                                                                                                <div class=\"testimonial-caption\">\n                                                                        <div class=\"details\">\n                                        <div class=\"name\"><\/div>                                                                            <\/div>\n                                <\/div>\n                            <\/div>\n                        <\/div>\n                                            <div class=\"column-item elementor-testimonial-item\">\n                            <div class=\"inner\">\n                                                                    <h3 class=\"title\">2020<\/h3>\n                                                                                                    <div class=\"subtitle\">Volvemos a estar 100% operativos luego de  la dificil situaci\u00f3n mundial<\/div>\n                                                                                                    <div class=\"content\">Queremos llegar a ser la primera opci\u00f3n de nuestros clientes por ser una empresa de catering\u00a0 que sorprende, impacta, crea sue\u00f1os y conecta emocionalmente con su p\u00fablico, creando momentos \u00fanicos y marcando la diferencia.<\/div>\n                                                                                                <div class=\"testimonial-caption\">\n                                                                        <div class=\"details\">\n                                        <div class=\"name\"><\/div>                                                                            <\/div>\n                                <\/div>\n                            <\/div>\n                        <\/div>\n                                            <div class=\"column-item elementor-testimonial-item\">\n                            <div class=\"inner\">\n                                                                    <h3 class=\"title\">2023<\/h3>\n                                                                                                    <div class=\"subtitle\">Crecemos y sumamos un integrante m\u00e1s al equipo, Bienvenida Glory<\/div>\n                                                                                                    <div class=\"content\">Te asesoramos y orientamos para lograr el \u00e9xito de tu evento, ofrecemos un presupuesto razonable al alcance de nuestros clientes en general.<\/div>\n                                                                                                <div class=\"testimonial-caption\">\n                                                                        <div class=\"details\">\n                                        <div class=\"name\"><\/div>                                                                            <\/div>\n                                <\/div>\n                            <\/div>\n                        <\/div>\n                                    <\/div>\n            <\/div>\n            \t\t\t\t<\/div>\n\t\t\t\t<\/div>\n\t\t\t\t\t<\/div>\n\t\t<\/div>\n\t\t\t\t\t<\/div>\n\t\t<\/div>\n\t\t\t\t<div class=\"elementor-section elementor-top-section elementor-element elementor-element-3a6881e elementor-section-stretched elementor-section-boxed elementor-section-height-default elementor-section-height-default\" data-id=\"3a6881e\" data-element_type=\"section\" data-settings=\"{&quot;stretch_section&quot;:&quot;section-stretched&quot;}\">\n\t\t\t\t\t\t<div class=\"elementor-container elementor-column-gap-no\">\n\t\t\t\t\t<div class=\"elementor-column elementor-col-100 elementor-top-column elementor-element elementor-element-107bb1d\" data-id=\"107bb1d\" data-element_type=\"column\">\n\t\t\t<div class=\"elementor-widget-wrap elementor-element-populated\">\n\t\t\t\t\t\t<div class=\"elementor-element elementor-element-93f4ac3 elementor-widget__width-auto elementor-widget-divider--view-line elementor-widget elementor-widget-divider\" data-id=\"93f4ac3\" data-element_type=\"widget\" data-widget_type=\"divider.default\">\n\t\t\t\t\t\t\t<div class=\"elementor-divider\">\n\t\t\t<span class=\"elementor-divider-separator\">\n\t\t\t\t\t\t<\/span>\n\t\t<\/div>\n\t\t\t\t\t\t<\/div>\n\t\t\t\t<div class=\"elementor-element elementor-element-dbb484b elementor-widget__width-auto elementor-widget elementor-widget-heading\" data-id=\"dbb484b\" data-element_type=\"widget\" data-widget_type=\"heading.default\">\n\t\t\t\t\t<h2 class=\"elementor-heading-title elementor-size-default\">Nuestros clientes<\/h2>\t\t\t\t<\/div>\n\t\t\t\t<div class=\"elementor-element elementor-element-7578f87 elementor-widget elementor-widget-text-editor\" data-id=\"7578f87\" data-element_type=\"widget\" data-widget_type=\"text-editor.default\">\n\t\t\t\t\t\t\t\t\t<p>Contamos con m\u00e1s de 25 a\u00f1os de experiencia.<\/p>\t\t\t\t\t\t\t\t<\/div>\n\t\t\t\t<div class=\"elementor-element elementor-element-a366cdd arrow-style-1 elementor-widget elementor-widget-grenda2-brand\" data-id=\"a366cdd\" data-element_type=\"widget\" data-widget_type=\"grenda2-brand.default\">\n\t\t\t\t<div class=\"elementor-widget-container\">\n\t\t\t\t\t        <div class=\"elementor-brands\">\n            <div class=\"elementor-brand-wrapper\">\n\n                <div class=\"row\" data-elementor-columns=\"5\" data-elementor-columns-tablet=\"4\" data-elementor-columns-mobile-extra=\"5\" data-elementor-columns-mobile=\"2\">\n                                            <div class=\"elementor-brand-item column-item\">\n                            <div class=\"elementor-brand-image\">\n                                <a href=\"#\"  title=\"Kallpa\"><img decoding=\"async\" width=\"332\" height=\"328\" src=\"https:\/\/miwebes.pe\/catering-sumaq\/wp-content\/uploads\/2025\/07\/Sin-titulo-2.png\" class=\"attachment-full size-full wp-image-3792\" alt=\"\" srcset=\"https:\/\/miwebes.pe\/catering-sumaq\/wp-content\/uploads\/2025\/07\/Sin-titulo-2.png 332w, https:\/\/miwebes.pe\/catering-sumaq\/wp-content\/uploads\/2025\/07\/Sin-titulo-2-300x296.png 300w\" sizes=\"(max-width: 332px) 100vw, 332px\" \/><\/a>                            <\/div>\n                        <\/div>\n                                            <div class=\"elementor-brand-item column-item\">\n                            <div class=\"elementor-brand-image\">\n                                <a href=\"#\"  title=\"Muchas familias\"><img loading=\"lazy\" decoding=\"async\" width=\"145\" height=\"110\" src=\"https:\/\/miwebes.pe\/catering-sumaq\/wp-content\/uploads\/2025\/07\/familia.png\" class=\"attachment-full size-full wp-image-4455\" alt=\"\" \/><\/a>                            <\/div>\n                        <\/div>\n                                            <div class=\"elementor-brand-item column-item\">\n                            <div class=\"elementor-brand-image\">\n                                <a href=\"#\"  title=\"Muchas empresas\"><img loading=\"lazy\" decoding=\"async\" width=\"145\" height=\"110\" src=\"https:\/\/miwebes.pe\/catering-sumaq\/wp-content\/uploads\/2025\/07\/empresas.png\" class=\"attachment-full size-full wp-image-4457\" alt=\"\" \/><\/a>                            <\/div>\n                        <\/div>\n                                    <\/div>\n            <\/div>\n        <\/div>\n        \t\t\t\t<\/div>\n\t\t\t\t<\/div>\n\t\t\t\t\t<\/div>\n\t\t<\/div>\n\t\t\t\t\t<\/div>\n\t\t<\/div>\n\t\t\t\t<div class=\"elementor-section elementor-top-section elementor-element elementor-element-4e568f7 elementor-section-full_width elementor-section-stretched elementor-section-height-default elementor-section-height-default\" data-id=\"4e568f7\" data-element_type=\"section\" data-settings=\"{&quot;stretch_section&quot;:&quot;section-stretched&quot;,&quot;background_background&quot;:&quot;classic&quot;}\">\n\t\t\t\t\t\t\t<div class=\"elementor-background-overlay\"><\/div>\n\t\t\t\t\t\t\t<div class=\"elementor-container elementor-column-gap-no\">\n\t\t\t\t\t<div class=\"elementor-column elementor-col-100 elementor-top-column elementor-element elementor-element-780d41d\" data-id=\"780d41d\" data-element_type=\"column\">\n\t\t\t<div class=\"elementor-widget-wrap elementor-element-populated\">\n\t\t\t\t\t\t<div class=\"elementor-element elementor-element-dadf61d elementor-widget elementor-widget-heading\" data-id=\"dadf61d\" data-element_type=\"widget\" data-widget_type=\"heading.default\">\n\t\t\t\t\t<h2 class=\"elementor-heading-title elementor-size-default\"><a href=\"https:\/\/miwebes.pe\/catering-sumaq\/contacto\/\">\u00bfPr\u00f3ximos eventos? contacta con nosotros y todo ser\u00e1 un \u00e9xito<\/a><\/h2>\t\t\t\t<\/div>\n\t\t\t\t<div class=\"elementor-element elementor-element-1df98b7 elementor-widget elementor-widget-heading\" data-id=\"1df98b7\" data-element_type=\"widget\" data-widget_type=\"heading.default\">\n\t\t\t\t\t<h2 class=\"elementor-heading-title elementor-size-default\"><a href=\"https:\/\/miwebes.pe\/catering-sumaq\/contacto\/\">Perm\u00edtanos hacer que sus eventos sean para recordarlo<\/a><\/h2>\t\t\t\t<\/div>\n\t\t\t\t<div class=\"elementor-element elementor-element-b2283ae elementor-align-center elementor-widget elementor-widget-button\" data-id=\"b2283ae\" data-element_type=\"widget\" data-widget_type=\"button.default\">\n\t\t\t\t\t\t\t\t\t\t<a class=\"elementor-button elementor-button-link elementor-size-lg\" href=\"https:\/\/miwebes.pe\/catering-sumaq\/presupuesto\/\">\n\t\t\t\t\t\t<span class=\"elementor-button-content-wrapper\">\n\t\t\t\t\t\t\t\t\t<span class=\"elementor-button-text\">Solicita presupuesto<\/span>\n\t\t\t\t\t<\/span>\n\t\t\t\t\t<\/a>\n\t\t\t\t\t\t\t\t<\/div>\n\t\t\t\t\t<\/div>\n\t\t<\/div>\n\t\t\t\t\t<\/div>\n\t\t<\/div>\n\t\t\t\t<\/div>\n\t\t","protected":false},"excerpt":{"rendered":"<p>Bienvenido a Sumaq, una empresa l\u00edder en catering, decoraciones y planificaci\u00f3n de eventos Lima, Per\u00fa. En Catering Sumaq no solo sentimos la pasi\u00f3n por la buena comida, cada evento son motivo de m\u00e1xima inspiraci\u00f3n avoc\u00e1ndonos \u00edntegramente a desarrollarlo con la filosof\u00eda del buen servicio, buen gusto, orientados a satisfacer plenamente todos y cada uno de [&hellip;]<\/p>\n","protected":false},"author":1,"featured_media":0,"parent":0,"menu_order":0,"comment_status":"closed","ping_status":"closed","template":"elementor_header_footer","meta":{"footnotes":""},"class_list":["post-27","page","type-page","status-publish","hentry"],"_links":{"self":[{"href":"https:\/\/miwebes.pe\/catering-sumaq\/wp-json\/wp\/v2\/pages\/27","targetHints":{"allow":["GET"]}}],"collection":[{"href":"https:\/\/miwebes.pe\/catering-sumaq\/wp-json\/wp\/v2\/pages"}],"about":[{"href":"https:\/\/miwebes.pe\/catering-sumaq\/wp-json\/wp\/v2\/types\/page"}],"author":[{"embeddable":true,"href":"https:\/\/miwebes.pe\/catering-sumaq\/wp-json\/wp\/v2\/users\/1"}],"replies":[{"embeddable":true,"href":"https:\/\/miwebes.pe\/catering-sumaq\/wp-json\/wp\/v2\/comments?post=27"}],"version-history":[{"count":58,"href":"https:\/\/miwebes.pe\/catering-sumaq\/wp-json\/wp\/v2\/pages\/27\/revisions"}],"predecessor-version":[{"id":5078,"href":"https:\/\/miwebes.pe\/catering-sumaq\/wp-json\/wp\/v2\/pages\/27\/revisions\/5078"}],"wp:attachment":[{"href":"https:\/\/miwebes.pe\/catering-sumaq\/wp-json\/wp\/v2\/media?parent=27"}],"curies":[{"name":"wp","href":"https:\/\/api.w.org\/{rel}","templated":true}]}}