{"id":3742,"date":"2025-07-11T03:56:56","date_gmt":"2025-07-11T08:56:56","guid":{"rendered":"https:\/\/miwebes.pe\/catering-sumaq\/?page_id=3742"},"modified":"2025-07-24T14:35:50","modified_gmt":"2025-07-24T19:35:50","slug":"catering-buffet-criollo","status":"publish","type":"page","link":"https:\/\/miwebes.pe\/catering-sumaq\/catering-buffet-criollo\/","title":{"rendered":"Catering &#8211; Buffet Criollo"},"content":{"rendered":"\t\t<div data-elementor-type=\"wp-page\" data-elementor-id=\"3742\" class=\"elementor elementor-3742\">\n\t\t\t\t\t\t<div class=\"elementor-section elementor-top-section elementor-element elementor-element-e612946 elementor-section-stretched elementor-section-boxed elementor-section-height-default elementor-section-height-default\" data-id=\"e612946\" data-element_type=\"section\" data-settings=\"{&quot;stretch_section&quot;:&quot;section-stretched&quot;,&quot;background_background&quot;:&quot;classic&quot;}\">\n\t\t\t\t\t\t<div class=\"elementor-container elementor-column-gap-no\">\n\t\t\t\t\t<div class=\"elementor-column elementor-col-50 elementor-top-column elementor-element elementor-element-f81e319\" data-id=\"f81e319\" data-element_type=\"column\">\n\t\t\t<div class=\"elementor-widget-wrap elementor-element-populated\">\n\t\t\t\t\n\t\t<div class=\"elementor-element elementor-element-1e57919 elementor-widget elementor-widget-heading\" data-id=\"1e57919\" data-element_type=\"widget\" data-widget_type=\"heading.default\">\n\t\t\t\t\t<h2 class=\"elementor-heading-title elementor-size-default\">Bienvenido a Sumaq, una empresa l\u00edder en catering, decoraciones y planificaci\u00f3n de eventos Lima, Per\u00fa.<\/h2>\t\t\t\t<\/div>\n\t\t\t\t<div class=\"elementor-element elementor-element-aca8c2c elementor-widget elementor-widget-text-editor\" data-id=\"aca8c2c\" data-element_type=\"widget\" data-widget_type=\"text-editor.default\">\n\t\t\t\t\t\t\t\t\t<p>Nuestro buffet criollo ofrece una variedad de platos tradicionales de nuestra riqu\u00edsima comida peruana, permitiendo disfrutar de una experiencia culinaria deliciosa e inolvidable.<\/p><p>Este tipo de buffet incluye, las entradas, platos simple, platos de fondo, bebidas y postres. Si es de su gusto, podemos hacer la presentaci\u00f3n en ollas de barro, que permiten potenciar todos sus sabores.<\/p>\t\t\t\t\t\t\t\t<\/div>\n\t\t\t\t\t<\/div>\n\t\t<\/div>\n\t\t\t\t<div class=\"elementor-column elementor-col-50 elementor-top-column elementor-element elementor-element-6be1f26\" data-id=\"6be1f26\" data-element_type=\"column\">\n\t\t\t<div class=\"elementor-widget-wrap elementor-element-populated\">\n\t\t\t\t\t\t<div class=\"elementor-element elementor-element-b4f30df image-style-grenda2-yes elementor-widget elementor-widget-image\" data-id=\"b4f30df\" data-element_type=\"widget\" data-widget_type=\"image.default\">\n\t\t\t\t\t\t\t\t\t\t\t\t\t\t\t\t<a href=\"https:\/\/miwebes.pe\/catering-sumaq\/galeria-buffet-criollo\/\">\n\t\t\t\t\t\t\t<img fetchpriority=\"high\" decoding=\"async\" width=\"870\" height=\"450\" src=\"https:\/\/miwebes.pe\/catering-sumaq\/wp-content\/uploads\/2022\/08\/decoracion-catering-sumaq-01.jpg\" class=\"attachment-full size-full wp-image-3920\" alt=\"\" srcset=\"https:\/\/miwebes.pe\/catering-sumaq\/wp-content\/uploads\/2022\/08\/decoracion-catering-sumaq-01.jpg 870w, https:\/\/miwebes.pe\/catering-sumaq\/wp-content\/uploads\/2022\/08\/decoracion-catering-sumaq-01-300x155.jpg 300w, https:\/\/miwebes.pe\/catering-sumaq\/wp-content\/uploads\/2022\/08\/decoracion-catering-sumaq-01-768x397.jpg 768w\" sizes=\"(max-width: 870px) 100vw, 870px\" \/>\t\t\t\t\t\t\t\t<\/a>\n\t\t\t\t\t\t\t\t\t\t\t\t\t\t\t<\/div>\n\t\t\t\t\t<\/div>\n\t\t<\/div>\n\t\t\t\t\t<\/div>\n\t\t<\/div>\n\t\t\t\t<div class=\"elementor-section elementor-top-section elementor-element elementor-element-6732a55 elementor-section-height-min-height elementor-section-items-top elementor-section-stretched elementor-section-boxed elementor-section-height-default\" data-id=\"6732a55\" data-element_type=\"section\" data-settings=\"{&quot;stretch_section&quot;:&quot;section-stretched&quot;,&quot;background_background&quot;:&quot;classic&quot;}\">\n\t\t\t\t\t\t<div class=\"elementor-container elementor-column-gap-no\">\n\t\t\t\t\t<div class=\"elementor-column elementor-col-100 elementor-top-column elementor-element elementor-element-f44c7a9\" data-id=\"f44c7a9\" data-element_type=\"column\">\n\t\t\t<div class=\"elementor-widget-wrap elementor-element-populated\">\n\t\t\t\t\t\t<div class=\"elementor-element elementor-element-c75d279 elementor-widget__width-auto elementor-widget-divider--view-line elementor-widget elementor-widget-divider\" data-id=\"c75d279\" data-element_type=\"widget\" data-widget_type=\"divider.default\">\n\t\t\t\t\t\t\t<div class=\"elementor-divider\">\n\t\t\t<span class=\"elementor-divider-separator\">\n\t\t\t\t\t\t<\/span>\n\t\t<\/div>\n\t\t\t\t\t\t<\/div>\n\t\t\t\t<div class=\"elementor-element elementor-element-80dcee0 elementor-widget__width-auto elementor-widget elementor-widget-heading\" data-id=\"80dcee0\" data-element_type=\"widget\" data-widget_type=\"heading.default\">\n\t\t\t\t\t<h2 class=\"elementor-heading-title elementor-size-default\">En Sumaq<\/h2>\t\t\t\t<\/div>\n\t\t\t\t<div class=\"elementor-element elementor-element-3517468 elementor-widget elementor-widget-text-editor\" data-id=\"3517468\" data-element_type=\"widget\" data-widget_type=\"text-editor.default\">\n\t\t\t\t\t\t\t\t\t<p>Contamos con m\u00e1s de 25 a\u00f1os de experiencia.<\/p>\t\t\t\t\t\t\t\t<\/div>\n\t\t\t\t\t<\/div>\n\t\t<\/div>\n\t\t\t\t\t<\/div>\n\t\t<\/div>\n\t\t\t\t<div class=\"elementor-section elementor-top-section elementor-element elementor-element-58aae2a elementor-section-stretched elementor-section-boxed elementor-section-height-default elementor-section-height-default\" data-id=\"58aae2a\" data-element_type=\"section\" data-settings=\"{&quot;stretch_section&quot;:&quot;section-stretched&quot;}\">\n\t\t\t\t\t\t<div class=\"elementor-container elementor-column-gap-no\">\n\t\t\t\t\t<div class=\"elementor-column elementor-col-100 elementor-top-column elementor-element elementor-element-5720aa2\" data-id=\"5720aa2\" data-element_type=\"column\">\n\t\t\t<div class=\"elementor-widget-wrap elementor-element-populated\">\n\t\t\t\t\t\t<div class=\"elementor-element elementor-element-2acbf6a elementor-align-center elementor-widget elementor-widget-button\" data-id=\"2acbf6a\" data-element_type=\"widget\" data-widget_type=\"button.default\">\n\t\t\t\t\t\t\t\t\t\t<a class=\"elementor-button elementor-button-link elementor-size-lg\" href=\"https:\/\/miwebes.pe\/catering-sumaq\/galeria-buffet-criollo\/\">\n\t\t\t\t\t\t<span class=\"elementor-button-content-wrapper\">\n\t\t\t\t\t\t\t\t\t<span class=\"elementor-button-text\">Ver m\u00e1s<\/span>\n\t\t\t\t\t<\/span>\n\t\t\t\t\t<\/a>\n\t\t\t\t\t\t\t\t<\/div>\n\t\t\t\t<div class=\"elementor-element elementor-element-f59107b elementor-widget elementor-widget-grenda2-image-gallery\" data-id=\"f59107b\" data-element_type=\"widget\" data-widget_type=\"grenda2-image-gallery.default\">\n\t\t\t\t<div class=\"elementor-widget-container\">\n\t\t\t\t\t\n        <div class=\"elementor-opal-image-gallery\">\n            <div class=\"row grid\" data-elementor-columns=\"3\">\n                                    <div class=\"column-item grid__item masonry-item__all gallery_group_0\">\n                        <a data-elementor-open-lightbox=\"yes\" data-elementor-lightbox-slideshow=\"f59107b\"                           href=\"https:\/\/miwebes.pe\/catering-sumaq\/wp-content\/uploads\/2025\/07\/tamal-buffet-criollo.jpg\">\n                            <img decoding=\"async\" src=\"https:\/\/miwebes.pe\/catering-sumaq\/wp-content\/uploads\/2025\/07\/tamal-buffet-criollo.jpg\"\n                                 alt=\"tamal-buffet-criollo\"\/>\n                        <\/a>\n                    <\/div>\n                                        <div class=\"column-item grid__item masonry-item__all gallery_group_0\">\n                        <a data-elementor-open-lightbox=\"yes\" data-elementor-lightbox-slideshow=\"f59107b\"                           href=\"https:\/\/miwebes.pe\/catering-sumaq\/wp-content\/uploads\/2025\/07\/Huancaina.jpg\">\n                            <img decoding=\"async\" src=\"https:\/\/miwebes.pe\/catering-sumaq\/wp-content\/uploads\/2025\/07\/Huancaina.jpg\"\n                                 alt=\"Huanca\u00edna\"\/>\n                        <\/a>\n                    <\/div>\n                                        <div class=\"column-item grid__item masonry-item__all gallery_group_0\">\n                        <a data-elementor-open-lightbox=\"yes\" data-elementor-lightbox-slideshow=\"f59107b\"                           href=\"https:\/\/miwebes.pe\/catering-sumaq\/wp-content\/uploads\/2025\/07\/causa.jpg\">\n                            <img decoding=\"async\" src=\"https:\/\/miwebes.pe\/catering-sumaq\/wp-content\/uploads\/2025\/07\/causa.jpg\"\n                                 alt=\"causa\"\/>\n                        <\/a>\n                    <\/div>\n                                        <div class=\"column-item grid__item masonry-item__all gallery_group_0\">\n                        <a data-elementor-open-lightbox=\"yes\" data-elementor-lightbox-slideshow=\"f59107b\"                           href=\"https:\/\/miwebes.pe\/catering-sumaq\/wp-content\/uploads\/2025\/07\/Papa-la-Huancaina-2.jpg\">\n                            <img decoding=\"async\" src=\"https:\/\/miwebes.pe\/catering-sumaq\/wp-content\/uploads\/2025\/07\/Papa-la-Huancaina-2.jpg\"\n                                 alt=\"Papa la Huancaina (2)\"\/>\n                        <\/a>\n                    <\/div>\n                                        <div class=\"column-item grid__item masonry-item__all gallery_group_0\">\n                        <a data-elementor-open-lightbox=\"yes\" data-elementor-lightbox-slideshow=\"f59107b\"                           href=\"https:\/\/miwebes.pe\/catering-sumaq\/wp-content\/uploads\/2025\/07\/Seco-de-cordero.jpg\">\n                            <img decoding=\"async\" src=\"https:\/\/miwebes.pe\/catering-sumaq\/wp-content\/uploads\/2025\/07\/Seco-de-cordero.jpg\"\n                                 alt=\"Seco de cordero\"\/>\n                        <\/a>\n                    <\/div>\n                                        <div class=\"column-item grid__item masonry-item__all gallery_group_0\">\n                        <a data-elementor-open-lightbox=\"yes\" data-elementor-lightbox-slideshow=\"f59107b\"                           href=\"https:\/\/miwebes.pe\/catering-sumaq\/wp-content\/uploads\/2025\/07\/Asado-de-res.jpg\">\n                            <img decoding=\"async\" src=\"https:\/\/miwebes.pe\/catering-sumaq\/wp-content\/uploads\/2025\/07\/Asado-de-res.jpg\"\n                                 alt=\"Asado de res\"\/>\n                        <\/a>\n                    <\/div>\n                                        <div class=\"column-item grid__item masonry-item__all gallery_group_0\">\n                        <a data-elementor-open-lightbox=\"yes\" data-elementor-lightbox-slideshow=\"f59107b\"                           href=\"https:\/\/miwebes.pe\/catering-sumaq\/wp-content\/uploads\/2025\/07\/Arroz-con-Pollo.jpg\">\n                            <img decoding=\"async\" src=\"https:\/\/miwebes.pe\/catering-sumaq\/wp-content\/uploads\/2025\/07\/Arroz-con-Pollo.jpg\"\n                                 alt=\"Arroz con Pollo\"\/>\n                        <\/a>\n                    <\/div>\n                                        <div class=\"column-item grid__item masonry-item__all gallery_group_0\">\n                        <a data-elementor-open-lightbox=\"yes\" data-elementor-lightbox-slideshow=\"f59107b\"                           href=\"https:\/\/miwebes.pe\/catering-sumaq\/wp-content\/uploads\/2025\/07\/Cau-Cau.jpg\">\n                            <img decoding=\"async\" src=\"https:\/\/miwebes.pe\/catering-sumaq\/wp-content\/uploads\/2025\/07\/Cau-Cau.jpg\"\n                                 alt=\"Cau Cau\"\/>\n                        <\/a>\n                    <\/div>\n                                        <div class=\"column-item grid__item masonry-item__all gallery_group_0\">\n                        <a data-elementor-open-lightbox=\"yes\" data-elementor-lightbox-slideshow=\"f59107b\"                           href=\"https:\/\/miwebes.pe\/catering-sumaq\/wp-content\/uploads\/2025\/07\/Olluquito-con-Carne.jpg\">\n                            <img decoding=\"async\" src=\"https:\/\/miwebes.pe\/catering-sumaq\/wp-content\/uploads\/2025\/07\/Olluquito-con-Carne.jpg\"\n                                 alt=\"Olluquito con Carne\"\/>\n                        <\/a>\n                    <\/div>\n                                <\/div>\n        <\/div>\n\n        \t\t\t\t<\/div>\n\t\t\t\t<\/div>\n\t\t\t\t\t<\/div>\n\t\t<\/div>\n\t\t\t\t\t<\/div>\n\t\t<\/div>\n\t\t\t\t<div class=\"elementor-section elementor-top-section elementor-element elementor-element-4e568f7 elementor-section-full_width elementor-section-stretched elementor-section-height-default elementor-section-height-default\" data-id=\"4e568f7\" data-element_type=\"section\" data-settings=\"{&quot;stretch_section&quot;:&quot;section-stretched&quot;,&quot;background_background&quot;:&quot;classic&quot;}\">\n\t\t\t\t\t\t\t<div class=\"elementor-background-overlay\"><\/div>\n\t\t\t\t\t\t\t<div class=\"elementor-container elementor-column-gap-no\">\n\t\t\t\t\t<div class=\"elementor-column elementor-col-100 elementor-top-column elementor-element elementor-element-780d41d\" data-id=\"780d41d\" data-element_type=\"column\">\n\t\t\t<div class=\"elementor-widget-wrap elementor-element-populated\">\n\t\t\t\t\t\t<div class=\"elementor-element elementor-element-dadf61d elementor-widget elementor-widget-heading\" data-id=\"dadf61d\" data-element_type=\"widget\" data-widget_type=\"heading.default\">\n\t\t\t\t\t<h2 class=\"elementor-heading-title elementor-size-default\"><a href=\"https:\/\/miwebes.pe\/catering-sumaq\/contacto\/\">\u00bfPr\u00f3ximos eventos? contacta con nosotros y todo ser\u00e1 un \u00e9xito<\/a><\/h2>\t\t\t\t<\/div>\n\t\t\t\t<div class=\"elementor-element elementor-element-1df98b7 elementor-widget elementor-widget-heading\" data-id=\"1df98b7\" data-element_type=\"widget\" data-widget_type=\"heading.default\">\n\t\t\t\t\t<h2 class=\"elementor-heading-title elementor-size-default\"><a href=\"https:\/\/miwebes.pe\/catering-sumaq\/contacto\/\">Perm\u00edtanos hacer que sus eventos sean para recordarlo<\/a><\/h2>\t\t\t\t<\/div>\n\t\t\t\t<div class=\"elementor-element elementor-element-b2283ae elementor-align-center elementor-widget elementor-widget-button\" data-id=\"b2283ae\" data-element_type=\"widget\" data-widget_type=\"button.default\">\n\t\t\t\t\t\t\t\t\t\t<a class=\"elementor-button elementor-button-link elementor-size-lg\" href=\"https:\/\/miwebes.pe\/catering-sumaq\/presupuesto\/\">\n\t\t\t\t\t\t<span class=\"elementor-button-content-wrapper\">\n\t\t\t\t\t\t\t\t\t<span class=\"elementor-button-text\">Solicitar presupuesto<\/span>\n\t\t\t\t\t<\/span>\n\t\t\t\t\t<\/a>\n\t\t\t\t\t\t\t\t<\/div>\n\t\t\t\t\t<\/div>\n\t\t<\/div>\n\t\t\t\t\t<\/div>\n\t\t<\/div>\n\t\t<div class=\"elementor-element elementor-element-6115d5d e-flex e-con-boxed e-con e-parent\" data-id=\"6115d5d\" data-element_type=\"container\">\n\t\t\t\t\t<div class=\"e-con-inner\">\n\t\t\t\t\t<\/div>\n\t\t\t\t<\/div>\n\t\t\t\t<\/div>\n\t\t","protected":false},"excerpt":{"rendered":"<p>Bienvenido a Sumaq, una empresa l\u00edder en catering, decoraciones y planificaci\u00f3n de eventos Lima, Per\u00fa. Nuestro buffet criollo ofrece una variedad de platos tradicionales de nuestra riqu\u00edsima comida peruana, permitiendo disfrutar de una experiencia culinaria deliciosa e inolvidable. Este tipo de buffet incluye, las entradas, platos simple, platos de fondo, bebidas y postres. Si es [&hellip;]<\/p>\n","protected":false},"author":1,"featured_media":0,"parent":0,"menu_order":0,"comment_status":"closed","ping_status":"closed","template":"elementor_header_footer","meta":{"footnotes":""},"class_list":["post-3742","page","type-page","status-publish","hentry"],"_links":{"self":[{"href":"https:\/\/miwebes.pe\/catering-sumaq\/wp-json\/wp\/v2\/pages\/3742","targetHints":{"allow":["GET"]}}],"collection":[{"href":"https:\/\/miwebes.pe\/catering-sumaq\/wp-json\/wp\/v2\/pages"}],"about":[{"href":"https:\/\/miwebes.pe\/catering-sumaq\/wp-json\/wp\/v2\/types\/page"}],"author":[{"embeddable":true,"href":"https:\/\/miwebes.pe\/catering-sumaq\/wp-json\/wp\/v2\/users\/1"}],"replies":[{"embeddable":true,"href":"https:\/\/miwebes.pe\/catering-sumaq\/wp-json\/wp\/v2\/comments?post=3742"}],"version-history":[{"count":76,"href":"https:\/\/miwebes.pe\/catering-sumaq\/wp-json\/wp\/v2\/pages\/3742\/revisions"}],"predecessor-version":[{"id":4997,"href":"https:\/\/miwebes.pe\/catering-sumaq\/wp-json\/wp\/v2\/pages\/3742\/revisions\/4997"}],"wp:attachment":[{"href":"https:\/\/miwebes.pe\/catering-sumaq\/wp-json\/wp\/v2\/media?parent=3742"}],"curies":[{"name":"wp","href":"https:\/\/api.w.org\/{rel}","templated":true}]}}