{"id":3745,"date":"2025-07-11T08:25:28","date_gmt":"2025-07-11T13:25:28","guid":{"rendered":"https:\/\/miwebes.pe\/catering-sumaq\/?page_id=3745"},"modified":"2025-10-14T02:23:38","modified_gmt":"2025-10-14T07:23:38","slug":"catering-bocaditos-salados","status":"publish","type":"page","link":"https:\/\/miwebes.pe\/catering-sumaq\/catering-bocaditos-salados\/","title":{"rendered":"Catering &#8211; Bocaditos salados y dulces"},"content":{"rendered":"\t\t<div data-elementor-type=\"wp-page\" data-elementor-id=\"3745\" class=\"elementor elementor-3745\">\n\t\t\t\t\t\t<div class=\"elementor-section elementor-top-section elementor-element elementor-element-e612946 elementor-section-stretched elementor-section-boxed elementor-section-height-default elementor-section-height-default\" data-id=\"e612946\" data-element_type=\"section\" data-settings=\"{&quot;stretch_section&quot;:&quot;section-stretched&quot;,&quot;background_background&quot;:&quot;classic&quot;}\">\n\t\t\t\t\t\t<div class=\"elementor-container elementor-column-gap-no\">\n\t\t\t\t\t<div class=\"elementor-column elementor-col-50 elementor-top-column elementor-element elementor-element-f81e319\" data-id=\"f81e319\" data-element_type=\"column\">\n\t\t\t<div class=\"elementor-widget-wrap elementor-element-populated\">\n\t\t\t\t\n\t\t<div class=\"elementor-element elementor-element-1e57919 elementor-widget elementor-widget-heading\" data-id=\"1e57919\" data-element_type=\"widget\" data-widget_type=\"heading.default\">\n\t\t\t\t\t<h2 class=\"elementor-heading-title elementor-size-default\">Bienvenido a Sumaq, una empresa l\u00edder en catering, decoraciones y planificaci\u00f3n de eventos Lima, Per\u00fa.<\/h2>\t\t\t\t<\/div>\n\t\t\t\t<div class=\"elementor-element elementor-element-aca8c2c elementor-widget elementor-widget-text-editor\" data-id=\"aca8c2c\" data-element_type=\"widget\" data-widget_type=\"text-editor.default\">\n\t\t\t\t\t\t\t\t\t<p>Acompa\u00f1ar tu evento con elegancia\u00a0 es el arte de elaborar bocaditos Salados y dulces .<br \/>Tus invitados disfrutar\u00e1n de una m\u00e1xima expresi\u00f3n de creatividad culinaria, los bocaditos son la forma deliciosa de disfrutar una variedad de sabores en un solo bocado.<\/p>\t\t\t\t\t\t\t\t<\/div>\n\t\t\t\t\t<\/div>\n\t\t<\/div>\n\t\t\t\t<div class=\"elementor-column elementor-col-50 elementor-top-column elementor-element elementor-element-6be1f26\" data-id=\"6be1f26\" data-element_type=\"column\">\n\t\t\t<div class=\"elementor-widget-wrap elementor-element-populated\">\n\t\t\t\t\t\t<div class=\"elementor-element elementor-element-b4f30df elementor-widget elementor-widget-image\" data-id=\"b4f30df\" data-element_type=\"widget\" data-widget_type=\"image.default\">\n\t\t\t\t\t\t\t\t\t\t\t\t\t\t\t<img fetchpriority=\"high\" decoding=\"async\" width=\"900\" height=\"504\" src=\"https:\/\/miwebes.pe\/catering-sumaq\/wp-content\/uploads\/2025\/07\/catering-sumaq-bocaditos.jpg\" class=\"attachment-full size-full wp-image-4570\" alt=\"\" srcset=\"https:\/\/miwebes.pe\/catering-sumaq\/wp-content\/uploads\/2025\/07\/catering-sumaq-bocaditos.jpg 900w, https:\/\/miwebes.pe\/catering-sumaq\/wp-content\/uploads\/2025\/07\/catering-sumaq-bocaditos-300x168.jpg 300w, https:\/\/miwebes.pe\/catering-sumaq\/wp-content\/uploads\/2025\/07\/catering-sumaq-bocaditos-768x430.jpg 768w\" sizes=\"(max-width: 900px) 100vw, 900px\" \/>\t\t\t\t\t\t\t\t\t\t\t\t\t\t\t<\/div>\n\t\t\t\t\t<\/div>\n\t\t<\/div>\n\t\t\t\t\t<\/div>\n\t\t<\/div>\n\t\t\t\t<div class=\"elementor-section elementor-top-section elementor-element elementor-element-6732a55 elementor-section-height-min-height elementor-section-items-top elementor-section-stretched elementor-section-boxed elementor-section-height-default\" data-id=\"6732a55\" data-element_type=\"section\" data-settings=\"{&quot;stretch_section&quot;:&quot;section-stretched&quot;,&quot;background_background&quot;:&quot;classic&quot;}\">\n\t\t\t\t\t\t<div class=\"elementor-container elementor-column-gap-no\">\n\t\t\t\t\t<div class=\"elementor-column elementor-col-100 elementor-top-column elementor-element elementor-element-f44c7a9\" data-id=\"f44c7a9\" data-element_type=\"column\">\n\t\t\t<div class=\"elementor-widget-wrap elementor-element-populated\">\n\t\t\t\t\t\t<div class=\"elementor-element elementor-element-c75d279 elementor-widget__width-auto elementor-widget-divider--view-line elementor-widget elementor-widget-divider\" data-id=\"c75d279\" data-element_type=\"widget\" data-widget_type=\"divider.default\">\n\t\t\t\t\t\t\t<div class=\"elementor-divider\">\n\t\t\t<span class=\"elementor-divider-separator\">\n\t\t\t\t\t\t<\/span>\n\t\t<\/div>\n\t\t\t\t\t\t<\/div>\n\t\t\t\t<div class=\"elementor-element elementor-element-80dcee0 elementor-widget__width-auto elementor-widget elementor-widget-heading\" data-id=\"80dcee0\" data-element_type=\"widget\" data-widget_type=\"heading.default\">\n\t\t\t\t\t<h2 class=\"elementor-heading-title elementor-size-default\">En Sumaq<\/h2>\t\t\t\t<\/div>\n\t\t\t\t<div class=\"elementor-element elementor-element-3517468 elementor-widget elementor-widget-text-editor\" data-id=\"3517468\" data-element_type=\"widget\" data-widget_type=\"text-editor.default\">\n\t\t\t\t\t\t\t\t\t<p>Contamos con m\u00e1s de 25 a\u00f1os de experiencia.<\/p>\t\t\t\t\t\t\t\t<\/div>\n\t\t\t\t\t<\/div>\n\t\t<\/div>\n\t\t\t\t\t<\/div>\n\t\t<\/div>\n\t\t\t\t<div class=\"elementor-section elementor-top-section elementor-element elementor-element-58aae2a elementor-section-stretched elementor-section-boxed elementor-section-height-default elementor-section-height-default\" data-id=\"58aae2a\" data-element_type=\"section\" data-settings=\"{&quot;stretch_section&quot;:&quot;section-stretched&quot;}\">\n\t\t\t\t\t\t<div class=\"elementor-container elementor-column-gap-no\">\n\t\t\t\t\t<div class=\"elementor-column elementor-col-100 elementor-top-column elementor-element elementor-element-5720aa2\" data-id=\"5720aa2\" data-element_type=\"column\">\n\t\t\t<div class=\"elementor-widget-wrap elementor-element-populated\">\n\t\t\t\t\t\t<div class=\"elementor-element elementor-element-fe74111 elementor-widget elementor-widget-grenda2-image-gallery\" data-id=\"fe74111\" data-element_type=\"widget\" data-widget_type=\"grenda2-image-gallery.default\">\n\t\t\t\t<div class=\"elementor-widget-container\">\n\t\t\t\t\t\n        <div class=\"elementor-opal-image-gallery\">\n            <div class=\"row grid\" data-elementor-columns=\"3\">\n                                    <div class=\"column-item grid__item masonry-item__all gallery_group_0\">\n                        <a data-elementor-open-lightbox=\"yes\" data-elementor-lightbox-slideshow=\"fe74111\"                           href=\"https:\/\/miwebes.pe\/catering-sumaq\/wp-content\/uploads\/2025\/07\/bocadito-salado.jpg\">\n                            <img decoding=\"async\" src=\"https:\/\/miwebes.pe\/catering-sumaq\/wp-content\/uploads\/2025\/07\/bocadito-salado.jpg\"\n                                 alt=\"bocadito-salado\"\/>\n                        <\/a>\n                    <\/div>\n                                        <div class=\"column-item grid__item masonry-item__all gallery_group_0\">\n                        <a data-elementor-open-lightbox=\"yes\" data-elementor-lightbox-slideshow=\"fe74111\"                           href=\"https:\/\/miwebes.pe\/catering-sumaq\/wp-content\/uploads\/2025\/10\/catering-sumaq-bocaditos-salados-1.jpg\">\n                            <img decoding=\"async\" src=\"https:\/\/miwebes.pe\/catering-sumaq\/wp-content\/uploads\/2025\/10\/catering-sumaq-bocaditos-salados-1.jpg\"\n                                 alt=\"catering-sumaq-bocaditos-salados (1)\"\/>\n                        <\/a>\n                    <\/div>\n                                        <div class=\"column-item grid__item masonry-item__all gallery_group_0\">\n                        <a data-elementor-open-lightbox=\"yes\" data-elementor-lightbox-slideshow=\"fe74111\"                           href=\"https:\/\/miwebes.pe\/catering-sumaq\/wp-content\/uploads\/2025\/07\/bocaditos-catering-sumaq-dulces-salados-lima-peru-5.jpg\">\n                            <img decoding=\"async\" src=\"https:\/\/miwebes.pe\/catering-sumaq\/wp-content\/uploads\/2025\/07\/bocaditos-catering-sumaq-dulces-salados-lima-peru-5.jpg\"\n                                 alt=\"bocaditos-catering-sumaq-dulces-salados-lima-peru (5)\"\/>\n                        <\/a>\n                    <\/div>\n                                        <div class=\"column-item grid__item masonry-item__all gallery_group_0\">\n                        <a data-elementor-open-lightbox=\"yes\" data-elementor-lightbox-slideshow=\"fe74111\"                           href=\"https:\/\/miwebes.pe\/catering-sumaq\/wp-content\/uploads\/2025\/10\/catering-sumaq-bocaditos-salados-2.jpg\">\n                            <img decoding=\"async\" src=\"https:\/\/miwebes.pe\/catering-sumaq\/wp-content\/uploads\/2025\/10\/catering-sumaq-bocaditos-salados-2.jpg\"\n                                 alt=\"catering-sumaq-bocaditos-salados (2)\"\/>\n                        <\/a>\n                    <\/div>\n                                        <div class=\"column-item grid__item masonry-item__all gallery_group_0\">\n                        <a data-elementor-open-lightbox=\"yes\" data-elementor-lightbox-slideshow=\"fe74111\"                           href=\"https:\/\/miwebes.pe\/catering-sumaq\/wp-content\/uploads\/2025\/10\/sumaq-bocaditos-dulces.jpg\">\n                            <img decoding=\"async\" src=\"https:\/\/miwebes.pe\/catering-sumaq\/wp-content\/uploads\/2025\/10\/sumaq-bocaditos-dulces.jpg\"\n                                 alt=\"sumaq-bocaditos-dulces\"\/>\n                        <\/a>\n                    <\/div>\n                                        <div class=\"column-item grid__item masonry-item__all gallery_group_0\">\n                        <a data-elementor-open-lightbox=\"yes\" data-elementor-lightbox-slideshow=\"fe74111\"                           href=\"https:\/\/miwebes.pe\/catering-sumaq\/wp-content\/uploads\/2025\/07\/bocaditos-catering-sumaq-dulces-salados-lima-peru-1.jpeg\">\n                            <img decoding=\"async\" src=\"https:\/\/miwebes.pe\/catering-sumaq\/wp-content\/uploads\/2025\/07\/bocaditos-catering-sumaq-dulces-salados-lima-peru-1.jpeg\"\n                                 alt=\"bocaditos-catering-sumaq-dulces-salados-lima-peru (1)\"\/>\n                        <\/a>\n                    <\/div>\n                                        <div class=\"column-item grid__item masonry-item__all gallery_group_0\">\n                        <a data-elementor-open-lightbox=\"yes\" data-elementor-lightbox-slideshow=\"fe74111\"                           href=\"https:\/\/miwebes.pe\/catering-sumaq\/wp-content\/uploads\/2025\/07\/bocaditos-catering-sumaq-dulces-salados-lima-peru-1.jpg\">\n                            <img decoding=\"async\" src=\"https:\/\/miwebes.pe\/catering-sumaq\/wp-content\/uploads\/2025\/07\/bocaditos-catering-sumaq-dulces-salados-lima-peru-1.jpg\"\n                                 alt=\"bocaditos-catering-sumaq-dulces-salados-lima-peru (1)\"\/>\n                        <\/a>\n                    <\/div>\n                                        <div class=\"column-item grid__item masonry-item__all gallery_group_0\">\n                        <a data-elementor-open-lightbox=\"yes\" data-elementor-lightbox-slideshow=\"fe74111\"                           href=\"https:\/\/miwebes.pe\/catering-sumaq\/wp-content\/uploads\/2025\/07\/bocaditos-catering-sumaq-dulces-salados-lima-peru-7.jpg\">\n                            <img decoding=\"async\" src=\"https:\/\/miwebes.pe\/catering-sumaq\/wp-content\/uploads\/2025\/07\/bocaditos-catering-sumaq-dulces-salados-lima-peru-7.jpg\"\n                                 alt=\"bocaditos-catering-sumaq-dulces-salados-lima-peru (7)\"\/>\n                        <\/a>\n                    <\/div>\n                                        <div class=\"column-item grid__item masonry-item__all gallery_group_0\">\n                        <a data-elementor-open-lightbox=\"yes\" data-elementor-lightbox-slideshow=\"fe74111\"                           href=\"https:\/\/miwebes.pe\/catering-sumaq\/wp-content\/uploads\/2025\/07\/bocaditos-catering-sumaq-dulces-salados-lima-peru-6.jpg\">\n                            <img decoding=\"async\" src=\"https:\/\/miwebes.pe\/catering-sumaq\/wp-content\/uploads\/2025\/07\/bocaditos-catering-sumaq-dulces-salados-lima-peru-6.jpg\"\n                                 alt=\"bocaditos-catering-sumaq-dulces-salados-lima-peru (6)\"\/>\n                        <\/a>\n                    <\/div>\n                                        <div class=\"column-item grid__item masonry-item__all gallery_group_0\">\n                        <a data-elementor-open-lightbox=\"yes\" data-elementor-lightbox-slideshow=\"fe74111\"                           href=\"https:\/\/miwebes.pe\/catering-sumaq\/wp-content\/uploads\/2025\/07\/bocaditos-catering-sumaq-dulces-salados-lima-peru-2.jpg\">\n                            <img decoding=\"async\" src=\"https:\/\/miwebes.pe\/catering-sumaq\/wp-content\/uploads\/2025\/07\/bocaditos-catering-sumaq-dulces-salados-lima-peru-2.jpg\"\n                                 alt=\"bocaditos-catering-sumaq-dulces-salados-lima-peru (2)\"\/>\n                        <\/a>\n                    <\/div>\n                                        <div class=\"column-item grid__item masonry-item__all gallery_group_0\">\n                        <a data-elementor-open-lightbox=\"yes\" data-elementor-lightbox-slideshow=\"fe74111\"                           href=\"https:\/\/miwebes.pe\/catering-sumaq\/wp-content\/uploads\/2025\/07\/bocaditos-catering-sumaq-dulces-salados-lima-peru-2.jpeg\">\n                            <img decoding=\"async\" src=\"https:\/\/miwebes.pe\/catering-sumaq\/wp-content\/uploads\/2025\/07\/bocaditos-catering-sumaq-dulces-salados-lima-peru-2.jpeg\"\n                                 alt=\"User comments\"\/>\n                        <\/a>\n                    <\/div>\n                                        <div class=\"column-item grid__item masonry-item__all gallery_group_0\">\n                        <a data-elementor-open-lightbox=\"yes\" data-elementor-lightbox-slideshow=\"fe74111\"                           href=\"https:\/\/miwebes.pe\/catering-sumaq\/wp-content\/uploads\/2025\/07\/bocaditos-catering-sumaq-dulces-salados-lima-peru-1.png\">\n                            <img decoding=\"async\" src=\"https:\/\/miwebes.pe\/catering-sumaq\/wp-content\/uploads\/2025\/07\/bocaditos-catering-sumaq-dulces-salados-lima-peru-1.png\"\n                                 alt=\"bocaditos-catering-sumaq-dulces-salados-lima-peru (1)\"\/>\n                        <\/a>\n                    <\/div>\n                                <\/div>\n        <\/div>\n\n        \t\t\t\t<\/div>\n\t\t\t\t<\/div>\n\t\t\t\t\t<\/div>\n\t\t<\/div>\n\t\t\t\t\t<\/div>\n\t\t<\/div>\n\t\t\t\t<div class=\"elementor-section elementor-top-section elementor-element elementor-element-4e568f7 elementor-section-full_width elementor-section-stretched elementor-section-height-default elementor-section-height-default\" data-id=\"4e568f7\" data-element_type=\"section\" data-settings=\"{&quot;stretch_section&quot;:&quot;section-stretched&quot;,&quot;background_background&quot;:&quot;classic&quot;}\">\n\t\t\t\t\t\t\t<div class=\"elementor-background-overlay\"><\/div>\n\t\t\t\t\t\t\t<div class=\"elementor-container elementor-column-gap-no\">\n\t\t\t\t\t<div class=\"elementor-column elementor-col-100 elementor-top-column elementor-element elementor-element-780d41d\" data-id=\"780d41d\" data-element_type=\"column\">\n\t\t\t<div class=\"elementor-widget-wrap elementor-element-populated\">\n\t\t\t\t\t\t<div class=\"elementor-element elementor-element-dadf61d elementor-widget elementor-widget-heading\" data-id=\"dadf61d\" data-element_type=\"widget\" data-widget_type=\"heading.default\">\n\t\t\t\t\t<h2 class=\"elementor-heading-title elementor-size-default\"><a href=\"https:\/\/miwebes.pe\/catering-sumaq\/contacto\/\">\u00bfPr\u00f3ximos eventos? contacta con nosotros y todo ser\u00e1 un \u00e9xito<\/a><\/h2>\t\t\t\t<\/div>\n\t\t\t\t<div class=\"elementor-element elementor-element-1df98b7 elementor-widget elementor-widget-heading\" data-id=\"1df98b7\" data-element_type=\"widget\" data-widget_type=\"heading.default\">\n\t\t\t\t\t<h2 class=\"elementor-heading-title elementor-size-default\"><a href=\"https:\/\/miwebes.pe\/catering-sumaq\/contacto\/\">Perm\u00edtanos hacer que sus eventos sean para recordarlo<\/a><\/h2>\t\t\t\t<\/div>\n\t\t\t\t<div class=\"elementor-element elementor-element-b2283ae elementor-align-center elementor-widget elementor-widget-button\" data-id=\"b2283ae\" data-element_type=\"widget\" data-widget_type=\"button.default\">\n\t\t\t\t\t\t\t\t\t\t<a class=\"elementor-button elementor-button-link elementor-size-lg\" href=\"https:\/\/miwebes.pe\/catering-sumaq\/presupuesto\/\">\n\t\t\t\t\t\t<span class=\"elementor-button-content-wrapper\">\n\t\t\t\t\t\t\t\t\t<span class=\"elementor-button-text\">solicita presupuesto<\/span>\n\t\t\t\t\t<\/span>\n\t\t\t\t\t<\/a>\n\t\t\t\t\t\t\t\t<\/div>\n\t\t\t\t\t<\/div>\n\t\t<\/div>\n\t\t\t\t\t<\/div>\n\t\t<\/div>\n\t\t\t\t<\/div>\n\t\t","protected":false},"excerpt":{"rendered":"<p>Bienvenido a Sumaq, una empresa l\u00edder en catering, decoraciones y planificaci\u00f3n de eventos Lima, Per\u00fa. Acompa\u00f1ar tu evento con elegancia\u00a0 es el arte de elaborar bocaditos Salados y dulces .Tus invitados disfrutar\u00e1n de una m\u00e1xima expresi\u00f3n de creatividad culinaria, los bocaditos son la forma deliciosa de disfrutar una variedad de sabores en un solo bocado. [&hellip;]<\/p>\n","protected":false},"author":1,"featured_media":0,"parent":0,"menu_order":0,"comment_status":"closed","ping_status":"closed","template":"elementor_header_footer","meta":{"footnotes":""},"class_list":["post-3745","page","type-page","status-publish","hentry"],"_links":{"self":[{"href":"https:\/\/miwebes.pe\/catering-sumaq\/wp-json\/wp\/v2\/pages\/3745","targetHints":{"allow":["GET"]}}],"collection":[{"href":"https:\/\/miwebes.pe\/catering-sumaq\/wp-json\/wp\/v2\/pages"}],"about":[{"href":"https:\/\/miwebes.pe\/catering-sumaq\/wp-json\/wp\/v2\/types\/page"}],"author":[{"embeddable":true,"href":"https:\/\/miwebes.pe\/catering-sumaq\/wp-json\/wp\/v2\/users\/1"}],"replies":[{"embeddable":true,"href":"https:\/\/miwebes.pe\/catering-sumaq\/wp-json\/wp\/v2\/comments?post=3745"}],"version-history":[{"count":37,"href":"https:\/\/miwebes.pe\/catering-sumaq\/wp-json\/wp\/v2\/pages\/3745\/revisions"}],"predecessor-version":[{"id":5093,"href":"https:\/\/miwebes.pe\/catering-sumaq\/wp-json\/wp\/v2\/pages\/3745\/revisions\/5093"}],"wp:attachment":[{"href":"https:\/\/miwebes.pe\/catering-sumaq\/wp-json\/wp\/v2\/media?parent=3745"}],"curies":[{"name":"wp","href":"https:\/\/api.w.org\/{rel}","templated":true}]}}