{"id":4074,"date":"2025-07-12T09:28:27","date_gmt":"2025-07-12T14:28:27","guid":{"rendered":"https:\/\/miwebes.pe\/catering-sumaq\/aviso-legal-2\/"},"modified":"2025-07-12T10:16:56","modified_gmt":"2025-07-12T15:16:56","slug":"politica-de-privacidad","status":"publish","type":"page","link":"https:\/\/miwebes.pe\/catering-sumaq\/politica-de-privacidad\/","title":{"rendered":"Pol\u00edtica de privacidad"},"content":{"rendered":"\t\t<div data-elementor-type=\"wp-page\" data-elementor-id=\"4074\" class=\"elementor elementor-4074\">\n\t\t\t\t\t\t<div class=\"elementor-section elementor-top-section elementor-element elementor-element-de14d65 elementor-section-boxed elementor-section-height-default elementor-section-height-default\" data-id=\"de14d65\" data-element_type=\"section\">\n\t\t\t\t\t\t<div class=\"elementor-container elementor-column-gap-default\">\n\t\t\t\t\t<div class=\"elementor-column elementor-col-100 elementor-top-column elementor-element elementor-element-2862c73\" data-id=\"2862c73\" data-element_type=\"column\">\n\t\t\t<div class=\"elementor-widget-wrap elementor-element-populated\">\n\t\t\t\t\n\t\t<div class=\"elementor-element elementor-element-b55be3b elementor-widget elementor-widget-heading\" data-id=\"b55be3b\" data-element_type=\"widget\" data-widget_type=\"heading.default\">\n\t\t\t\t\t<h2 class=\"elementor-heading-title elementor-size-default\">\u00daltima actualizaci\u00f3n, lunes 3 de febrero de 2025<\/h2>\t\t\t\t<\/div>\n\t\t\t\t<div class=\"elementor-element elementor-element-de56b0c elementor-widget elementor-widget-text-editor\" data-id=\"de56b0c\" data-element_type=\"widget\" data-widget_type=\"text-editor.default\">\n\t\t\t\t\t\t\t\t\t<p>CATERING SUMAQ, le informa que, trataremos sus datos seg\u00fan lo dispuesto en el Ley de tratamiento de datos personales, tal y como reflejamos en la presente Pol\u00edtica de Privacidad.<br \/>En esta Pol\u00edtica de Privacidad describimos c\u00f3mo recogemos sus datos personales y por qu\u00e9 los recogemos, qu\u00e9 hacemos con ellos, con qui\u00e9n los compartimos, c\u00f3mo los protegemos y sus opciones en cuanto al tratamiento de sus datos personales.<br \/>Esta Pol\u00edtica se aplica al tratamiento de sus datos personales recogidos por la empresa para la prestaci\u00f3n de sus servicios.<br \/>Si acepta las medidas de esta Pol\u00edtica, acepta que tratemos sus datos personales como se define en esta Pol\u00edtica.<\/p>\t\t\t\t\t\t\t\t<\/div>\n\t\t\t\t<div class=\"elementor-element elementor-element-ad9dfc6 elementor-widget elementor-widget-text-editor\" data-id=\"ad9dfc6\" data-element_type=\"widget\" data-widget_type=\"text-editor.default\">\n\t\t\t\t\t\t\t\t\t<p><strong>1. CONTACTO<\/strong><\/p><p>Nombre de dominio: https:\/\/miwebes.pe\/catering-sumaq\/<br \/>Nombre comercial: SUMAQ S.L.<br \/>Denominaci\u00f3n social: SUMAQ S.L.<br \/>RUC:\u00a0<br \/>Domicilio social: Lima, Per\u00fa<br \/>Tel\u00e9fono:\u00a0<br \/>e-mail: catering-sumaq@miwebes.pe<\/p>\t\t\t\t\t\t\t\t<\/div>\n\t\t\t\t<div class=\"elementor-element elementor-element-2a3777d elementor-widget elementor-widget-text-editor\" data-id=\"2a3777d\" data-element_type=\"widget\" data-widget_type=\"text-editor.default\">\n\t\t\t\t\t\t\t\t\t<p><strong>2. PRINCIPIOS CLAVES<\/strong><\/p><p>Siempre hemos estado comprometidos con prestar nuestros servicios con el m\u00e1s alto grado de calidad, lo que incluye tratar sus datos con seguridad y transparencia. Nuestros principios son:<\/p><ul><li><strong>Legalidad<\/strong>: Solo recopilaremos sus Datos personales para fines espec\u00edficos, expl\u00edcitos y leg\u00edtimos.<\/li><li><strong>Minimizaci\u00f3n de datos<\/strong>: Limitamos la recogida de datos de car\u00e1cter personal a lo que es estrictamente relevante y necesario para los fines para los que se han recopilado.<\/li><li><strong>Limitaci\u00f3n de la Finalidad<\/strong>: Solo recogeremos sus datos personales para los fines declarados y solo seg\u00fan sus deseos.<\/li><li><strong>Precisi\u00f3n<\/strong>: Mantendremos sus datos personales exactos y actualizados.<\/li><li><strong>Seguridad de los Datos<\/strong>: Aplicamos las medidas t\u00e9cnicas y organizativas adecuadas y proporcionales a los riesgos para garantizar que sus datos no sufran da\u00f1os, tales como divulgaci\u00f3n o acceso no autorizado, la destrucci\u00f3n accidental o il\u00edcita o su p\u00e9rdida accidental o alteraci\u00f3n y cualquier otra forma de tratamiento il\u00edcito.<\/li><li><strong>Acceso y Rectificaci\u00f3n<\/strong>: Disponemos de medios para que acceda o rectifique sus datos cuando lo considere oportuno.<\/li><li><strong>Conservaci\u00f3n<\/strong>: Conservamos sus datos personales de manera legal y apropiada y solo mientras es necesario para los fines para los que se han recopilado.<\/li><li><strong>Las transferencias internacionales<\/strong>: cuando se d\u00e9 el caso que sus datos vayan a ser transferidos fuera de Per\u00fa, se proteger\u00e1n adecuadamente.<\/li><li><strong>Terceros<\/strong>: El acceso y transferencia de datos personales a terceros se llevan a cabo de acuerdo con las leyes y reglamentos aplicables y con las garant\u00edas contractuales adecuadas.<\/li><li><strong>Marketing Directo y cookies<\/strong>: Cumplimos con la legislaci\u00f3n aplicable en materia de publicidad y cookies.<\/li><\/ul>\t\t\t\t\t\t\t\t<\/div>\n\t\t\t\t<div class=\"elementor-element elementor-element-b959fa8 elementor-widget elementor-widget-text-editor\" data-id=\"b959fa8\" data-element_type=\"widget\" data-widget_type=\"text-editor.default\">\n\t\t\t\t\t\t\t\t\t<p><strong>3. RECOGIDA Y TRATAMIENTO DE SUS DATOS PERSONALES<\/strong><\/p><p>Las tipos de datos que se \u00a0solicitan y tratan son:<\/p><ul><li>Datos de identificaci\u00f3n<\/li><li>Direcciones electr\u00f3nicas<\/li><\/ul><p>Tambi\u00e9n recogemos de forma autom\u00e1tica datos sobre su visita a nuestro sitio web\u00a0 seg\u00fan se describe en la secci\u00f3n \u201cUso de cookies\u201d m\u00e1s adelante.<br \/>Siempre que solicitemos sus Datos personales, le informaremos con claridad de qu\u00e9 datos personales recogemos y con qu\u00e9 fin. En general, recogemos y tratamos sus datos personales con el prop\u00f3sito de:<\/p><ul><li>Proporcionar informaci\u00f3n sobre nuestros productos y servicios.<\/li><li>Prestar nuestros servicios.<\/li><li>Responder a sus consultas y solicitudes.<\/li><\/ul>\t\t\t\t\t\t\t\t<\/div>\n\t\t\t\t<div class=\"elementor-element elementor-element-f0b77fb elementor-widget elementor-widget-text-editor\" data-id=\"f0b77fb\" data-element_type=\"widget\" data-widget_type=\"text-editor.default\">\n\t\t\t\t\t\t\t\t\t<p><strong>4. LEGITIMIDAD<\/strong><\/p><p>De acuerdo con la normativa de protecci\u00f3n de datos aplicable, sus datos personales pueden procesarse si:<\/p><ul><li>Nos ha dado su consentimiento a los efectos del tratamiento. Por supuesto, \u00a0podr\u00e1 retirar su consentimiento en cualquier momento.<\/li><li>Es necesario para la prestaci\u00f3n de alguno de nuestros servicios mediante relaci\u00f3n contractual entre usted y nosotros.<\/li><li>Con dicho tratamiento, buscamos un inter\u00e9s leg\u00edtimo que no se vea menoscabado por sus derechos de privacidad. Dicho inter\u00e9s leg\u00edtimo se le comunicar\u00e1 debidamente en el aviso de privacidad relacionado con ese tratamiento en particular.<\/li><li>Es requerido por la ley<\/li><\/ul>\t\t\t\t\t\t\t\t<\/div>\n\t\t\t\t<div class=\"elementor-element elementor-element-c9ddeae elementor-widget elementor-widget-text-editor\" data-id=\"c9ddeae\" data-element_type=\"widget\" data-widget_type=\"text-editor.default\">\n\t\t\t\t\t\t\t\t\t<p><strong>5. COMUNICACI\u00d3N DE DATOS PERSONALES<\/strong><\/p><p>Los datos pueden ser comunicados a empresas relacionadas con\u00a0<strong>CATERING SUMAQ S.L.<\/strong> para la prestaci\u00f3n de los diversos servicios en calidad de Encargados del Tratamiento. Si estos Encargados operaran fuera de Per\u00fa, estar\u00e1n acogidos al acuerdo de Privacy Shield. Informaci\u00f3n disponible en: <a href=\"https:\/\/www.privacyshield.gov\/\">https:\/\/www.privacyshield.gov<\/a><br \/>Durante el periodo de duraci\u00f3n del tratamiento, la empresa no realizar\u00e1 ninguna cesi\u00f3n, salvo por obligaci\u00f3n legal.<\/p>\t\t\t\t\t\t\t\t<\/div>\n\t\t\t\t<div class=\"elementor-element elementor-element-b40407c elementor-widget elementor-widget-text-editor\" data-id=\"b40407c\" data-element_type=\"widget\" data-widget_type=\"text-editor.default\">\n\t\t\t\t\t\t\t\t\t<p><strong>6. SUS DERECHOS<\/strong><\/p><p>En relaci\u00f3n con la recogida y tratamiento de sus datos personales, puede ponerse en contacto con nosotros en cualquier momento para:<\/p><ul><li>Saber si tratamos sus datos personales.<\/li><li>Acceder a sus datos personales y a cualquier otra informaci\u00f3n indicada en el RGPD.<\/li><li>Rectificar sus datos personales que sean inexactos o est\u00e9n incompletos de acuerdo con Ley RGPD.<\/li><li>Suprimir sus datos personales de acuerdo con Ley del RGPD.<\/li><li>Limitar el tratamiento de sus datos personales de acuerdo con Ley RGPD.<\/li><li>Solicitar la portabilidad de sus datos de acuerdo con el RGPD.<\/li><li>Oponerse al tratamiento de sus datos personales de acuerdo con Ley RGPD.<\/li><\/ul><p>Si ha otorgado su consentimiento para alguna finalidad concreta, tiene derecho a retirar el consentimiento otorgado en cualquier momento, sin que ello afecte a la licitud del tratamiento basado en el consentimiento previo a su retirada. Para ejercer estos derechos enviando un mail a: Datos de contacto del DPO: \u2013 <strong>catering-sumaq@miwebes.pe<\/strong> .<\/p>\t\t\t\t\t\t\t\t<\/div>\n\t\t\t\t<div class=\"elementor-element elementor-element-582b0fb elementor-widget elementor-widget-text-editor\" data-id=\"582b0fb\" data-element_type=\"widget\" data-widget_type=\"text-editor.default\">\n\t\t\t\t\t\t\t\t\t<p><strong>7. INFORMACI\u00d3N LEGAL<\/strong><\/p><p>Los requisitos de esta Pol\u00edtica complementan, y no reemplazan, cualquier otro requisito existente bajo la ley de protecci\u00f3n de datos aplicable, que ser\u00e1 la que prevalezca en cualquier caso.<br \/>Esta Pol\u00edtica est\u00e1 sujeta a revisiones peri\u00f3dicas y la empresa puede modificarla en cualquier momento. Cuando esto ocurra, le avisaremos de cualquier cambio y le pediremos que vuelva a leer la versi\u00f3n m\u00e1s reciente de nuestra Pol\u00edtica y que confirme su aceptaci\u00f3n.<\/p>\t\t\t\t\t\t\t\t<\/div>\n\t\t\t\t\t<\/div>\n\t\t<\/div>\n\t\t\t\t\t<\/div>\n\t\t<\/div>\n\t\t\t\t<\/div>\n\t\t","protected":false},"excerpt":{"rendered":"<p>\u00daltima actualizaci\u00f3n, lunes 3 de febrero de 2025 CATERING SUMAQ, le informa que, trataremos sus datos seg\u00fan lo dispuesto en el Ley de tratamiento de datos personales, tal y como reflejamos en la presente Pol\u00edtica de Privacidad.En esta Pol\u00edtica de Privacidad describimos c\u00f3mo recogemos sus datos personales y por qu\u00e9 los recogemos, qu\u00e9 hacemos con [&hellip;]<\/p>\n","protected":false},"author":1,"featured_media":0,"parent":0,"menu_order":0,"comment_status":"closed","ping_status":"closed","template":"","meta":{"footnotes":""},"class_list":["post-4074","page","type-page","status-publish","hentry"],"_links":{"self":[{"href":"https:\/\/miwebes.pe\/catering-sumaq\/wp-json\/wp\/v2\/pages\/4074","targetHints":{"allow":["GET"]}}],"collection":[{"href":"https:\/\/miwebes.pe\/catering-sumaq\/wp-json\/wp\/v2\/pages"}],"about":[{"href":"https:\/\/miwebes.pe\/catering-sumaq\/wp-json\/wp\/v2\/types\/page"}],"author":[{"embeddable":true,"href":"https:\/\/miwebes.pe\/catering-sumaq\/wp-json\/wp\/v2\/users\/1"}],"replies":[{"embeddable":true,"href":"https:\/\/miwebes.pe\/catering-sumaq\/wp-json\/wp\/v2\/comments?post=4074"}],"version-history":[{"count":7,"href":"https:\/\/miwebes.pe\/catering-sumaq\/wp-json\/wp\/v2\/pages\/4074\/revisions"}],"predecessor-version":[{"id":4082,"href":"https:\/\/miwebes.pe\/catering-sumaq\/wp-json\/wp\/v2\/pages\/4074\/revisions\/4082"}],"wp:attachment":[{"href":"https:\/\/miwebes.pe\/catering-sumaq\/wp-json\/wp\/v2\/media?parent=4074"}],"curies":[{"name":"wp","href":"https:\/\/api.w.org\/{rel}","templated":true}]}}