{"id":4427,"date":"2025-07-17T11:51:02","date_gmt":"2025-07-17T16:51:02","guid":{"rendered":"https:\/\/miwebes.pe\/catering-sumaq\/galeria-bocaditos-salados-2\/"},"modified":"2025-07-19T02:19:39","modified_gmt":"2025-07-19T07:19:39","slug":"galeria-bocaditos-con-tematica","status":"publish","type":"page","link":"https:\/\/miwebes.pe\/catering-sumaq\/galeria-bocaditos-con-tematica\/","title":{"rendered":"Galeria &#8211; Bocaditos con tem\u00e1tica"},"content":{"rendered":"\t\t<div data-elementor-type=\"wp-page\" data-elementor-id=\"4427\" class=\"elementor elementor-4427\">\n\t\t\t\t\t\t<div class=\"elementor-section elementor-top-section elementor-element elementor-element-633fded elementor-section-full_width elementor-section-stretched elementor-section-height-default elementor-section-height-default\" data-id=\"633fded\" data-element_type=\"section\" data-settings=\"{&quot;stretch_section&quot;:&quot;section-stretched&quot;}\">\n\t\t\t\t\t\t<div class=\"elementor-container elementor-column-gap-no\">\n\t\t\t\t\t<div class=\"elementor-column elementor-col-100 elementor-top-column elementor-element elementor-element-d31b989\" data-id=\"d31b989\" data-element_type=\"column\">\n\t\t\t<div class=\"elementor-widget-wrap elementor-element-populated\">\n\t\t\t\t\n\t\t<div class=\"elementor-element elementor-element-1f52afe elementor-widget elementor-widget-heading\" data-id=\"1f52afe\" data-element_type=\"widget\" data-widget_type=\"heading.default\">\n\t\t\t\t\t<h2 class=\"elementor-heading-title elementor-size-default\">Explore nuestra biblioteca trabajos realizados<\/h2>\t\t\t\t<\/div>\n\t\t\t\t<div class=\"elementor-section elementor-inner-section elementor-element elementor-element-24e1d76 elementor-section-full_width elementor-section-height-default elementor-section-height-default\" data-id=\"24e1d76\" data-element_type=\"section\">\n\t\t\t\t\t\t<div class=\"elementor-container elementor-column-gap-no\">\n\t\t\t\t\t<div class=\"elementor-column elementor-col-100 elementor-inner-column elementor-element elementor-element-bb2ab16\" data-id=\"bb2ab16\" data-element_type=\"column\">\n\t\t\t<div class=\"elementor-widget-wrap elementor-element-populated\">\n\t\t\t\t\t\t<div class=\"elementor-element elementor-element-39de621 elementor-widget elementor-widget-grenda2-image-gallery\" data-id=\"39de621\" data-element_type=\"widget\" data-widget_type=\"grenda2-image-gallery.default\">\n\t\t\t\t<div class=\"elementor-widget-container\">\n\t\t\t\t\t\n        <div class=\"elementor-opal-image-gallery\">\n            <div class=\"row grid\" data-elementor-columns=\"3\">\n                                    <div class=\"column-item grid__item masonry-item__all gallery_group_0\">\n                        <a data-elementor-open-lightbox=\"yes\" data-elementor-lightbox-slideshow=\"39de621\"                           href=\"https:\/\/miwebes.pe\/catering-sumaq\/wp-content\/uploads\/2025\/07\/Bocaditos-con-tematica.jpg\">\n                            <img decoding=\"async\" src=\"https:\/\/miwebes.pe\/catering-sumaq\/wp-content\/uploads\/2025\/07\/Bocaditos-con-tematica.jpg\"\n                                 alt=\"Bocaditos con tematica\"\/>\n                        <\/a>\n                    <\/div>\n                                        <div class=\"column-item grid__item masonry-item__all gallery_group_0\">\n                        <a data-elementor-open-lightbox=\"yes\" data-elementor-lightbox-slideshow=\"39de621\"                           href=\"https:\/\/miwebes.pe\/catering-sumaq\/wp-content\/uploads\/2025\/07\/bocaditos-con-tematica-catering-sumaq-lima-peru-1.jpg\">\n                            <img decoding=\"async\" src=\"https:\/\/miwebes.pe\/catering-sumaq\/wp-content\/uploads\/2025\/07\/bocaditos-con-tematica-catering-sumaq-lima-peru-1.jpg\"\n                                 alt=\"bocaditos-con-tematica-catering-sumaq-lima-peru (1)\"\/>\n                        <\/a>\n                    <\/div>\n                                        <div class=\"column-item grid__item masonry-item__all gallery_group_0\">\n                        <a data-elementor-open-lightbox=\"yes\" data-elementor-lightbox-slideshow=\"39de621\"                           href=\"https:\/\/miwebes.pe\/catering-sumaq\/wp-content\/uploads\/2025\/07\/Bocaditos-temAticos-2.jpg\">\n                            <img decoding=\"async\" src=\"https:\/\/miwebes.pe\/catering-sumaq\/wp-content\/uploads\/2025\/07\/Bocaditos-temAticos-2.jpg\"\n                                 alt=\"Bocaditos-temAticos (2)\"\/>\n                        <\/a>\n                    <\/div>\n                                        <div class=\"column-item grid__item masonry-item__all gallery_group_0\">\n                        <a data-elementor-open-lightbox=\"yes\" data-elementor-lightbox-slideshow=\"39de621\"                           href=\"https:\/\/miwebes.pe\/catering-sumaq\/wp-content\/uploads\/2025\/07\/Bocaditos-temAticos-3.jpg\">\n                            <img decoding=\"async\" src=\"https:\/\/miwebes.pe\/catering-sumaq\/wp-content\/uploads\/2025\/07\/Bocaditos-temAticos-3.jpg\"\n                                 alt=\"Bocaditos-temAticos (3)\"\/>\n                        <\/a>\n                    <\/div>\n                                        <div class=\"column-item grid__item masonry-item__all gallery_group_0\">\n                        <a data-elementor-open-lightbox=\"yes\" data-elementor-lightbox-slideshow=\"39de621\"                           href=\"https:\/\/miwebes.pe\/catering-sumaq\/wp-content\/uploads\/2025\/07\/bocaditos-con-tematica-catering-sumaq-lima-peru-2.jpg\">\n                            <img decoding=\"async\" src=\"https:\/\/miwebes.pe\/catering-sumaq\/wp-content\/uploads\/2025\/07\/bocaditos-con-tematica-catering-sumaq-lima-peru-2.jpg\"\n                                 alt=\"bocaditos-con-tematica-catering-sumaq-lima-peru (2)\"\/>\n                        <\/a>\n                    <\/div>\n                                <\/div>\n        <\/div>\n\n        \t\t\t\t<\/div>\n\t\t\t\t<\/div>\n\t\t\t\t\t<\/div>\n\t\t<\/div>\n\t\t\t\t\t<\/div>\n\t\t<\/div>\n\t\t\t\t\t<\/div>\n\t\t<\/div>\n\t\t\t\t\t<\/div>\n\t\t<\/div>\n\t\t\t\t<div class=\"elementor-section elementor-top-section elementor-element elementor-element-00c637e elementor-section-full_width elementor-section-stretched elementor-section-height-default elementor-section-height-default\" data-id=\"00c637e\" data-element_type=\"section\" data-settings=\"{&quot;stretch_section&quot;:&quot;section-stretched&quot;,&quot;background_background&quot;:&quot;classic&quot;}\">\n\t\t\t\t\t\t\t<div class=\"elementor-background-overlay\"><\/div>\n\t\t\t\t\t\t\t<div class=\"elementor-container elementor-column-gap-no\">\n\t\t\t\t\t<div class=\"elementor-column elementor-col-100 elementor-top-column elementor-element elementor-element-64acd5c\" data-id=\"64acd5c\" data-element_type=\"column\">\n\t\t\t<div class=\"elementor-widget-wrap elementor-element-populated\">\n\t\t\t\t\t\t<div class=\"elementor-element elementor-element-d654ed6 elementor-widget elementor-widget-heading\" data-id=\"d654ed6\" data-element_type=\"widget\" data-widget_type=\"heading.default\">\n\t\t\t\t\t<h2 class=\"elementor-heading-title elementor-size-default\">\u00bfPr\u00f3ximos eventos? cont\u00e1ctenos<\/h2>\t\t\t\t<\/div>\n\t\t\t\t<div class=\"elementor-element elementor-element-9df4aa5 elementor-widget elementor-widget-heading\" data-id=\"9df4aa5\" data-element_type=\"widget\" data-widget_type=\"heading.default\">\n\t\t\t\t\t<h2 class=\"elementor-heading-title elementor-size-default\"><a href=\"https:\/\/miwebes.pe\/catering-sumaq\/contacto\/\">Perm\u00edtanos hacer que sus eventos sean impecables<\/a><\/h2>\t\t\t\t<\/div>\n\t\t\t\t<div class=\"elementor-element elementor-element-4589b21 elementor-align-center elementor-widget elementor-widget-button\" data-id=\"4589b21\" data-element_type=\"widget\" data-widget_type=\"button.default\">\n\t\t\t\t\t\t\t\t\t\t<a class=\"elementor-button elementor-button-link elementor-size-lg\" href=\"https:\/\/miwebes.pe\/catering-sumaq\/presupuesto\/\">\n\t\t\t\t\t\t<span class=\"elementor-button-content-wrapper\">\n\t\t\t\t\t\t\t\t\t<span class=\"elementor-button-text\">Solicitar presupuesto<\/span>\n\t\t\t\t\t<\/span>\n\t\t\t\t\t<\/a>\n\t\t\t\t\t\t\t\t<\/div>\n\t\t\t\t\t<\/div>\n\t\t<\/div>\n\t\t\t\t\t<\/div>\n\t\t<\/div>\n\t\t\t\t<\/div>\n\t\t","protected":false},"excerpt":{"rendered":"<p>Explore nuestra biblioteca trabajos realizados \u00bfPr\u00f3ximos eventos? cont\u00e1ctenos Perm\u00edtanos hacer que sus eventos sean impecables Solicitar presupuesto<\/p>\n","protected":false},"author":1,"featured_media":0,"parent":0,"menu_order":0,"comment_status":"closed","ping_status":"closed","template":"","meta":{"footnotes":""},"class_list":["post-4427","page","type-page","status-publish","hentry"],"_links":{"self":[{"href":"https:\/\/miwebes.pe\/catering-sumaq\/wp-json\/wp\/v2\/pages\/4427","targetHints":{"allow":["GET"]}}],"collection":[{"href":"https:\/\/miwebes.pe\/catering-sumaq\/wp-json\/wp\/v2\/pages"}],"about":[{"href":"https:\/\/miwebes.pe\/catering-sumaq\/wp-json\/wp\/v2\/types\/page"}],"author":[{"embeddable":true,"href":"https:\/\/miwebes.pe\/catering-sumaq\/wp-json\/wp\/v2\/users\/1"}],"replies":[{"embeddable":true,"href":"https:\/\/miwebes.pe\/catering-sumaq\/wp-json\/wp\/v2\/comments?post=4427"}],"version-history":[{"count":7,"href":"https:\/\/miwebes.pe\/catering-sumaq\/wp-json\/wp\/v2\/pages\/4427\/revisions"}],"predecessor-version":[{"id":4632,"href":"https:\/\/miwebes.pe\/catering-sumaq\/wp-json\/wp\/v2\/pages\/4427\/revisions\/4632"}],"wp:attachment":[{"href":"https:\/\/miwebes.pe\/catering-sumaq\/wp-json\/wp\/v2\/media?parent=4427"}],"curies":[{"name":"wp","href":"https:\/\/api.w.org\/{rel}","templated":true}]}}